{"id":7888,"date":"2017-08-28T12:33:24","date_gmt":"2017-08-28T11:33:24","guid":{"rendered":"https:\/\/leathergoods.es\/politique-en-matiere-de-cookies\/"},"modified":"2017-08-28T12:33:24","modified_gmt":"2017-08-28T11:33:24","slug":"politique-en-matiere-de-cookies","status":"publish","type":"page","link":"https:\/\/leathergoods.es\/fr\/politique-en-matiere-de-cookies\/","title":{"rendered":"Politique en mati\u00e8re de cookies"},"content":{"rendered":"<p>Conform\u00e9ment aux dispositions de l&rsquo;article 22.2 de la loi 34\/2002, du 11 juillet, sur les services de la soci\u00e9t\u00e9 de l&rsquo;information et le commerce \u00e9lectronique, ce site web vous informe, dans cette section, de la <strong>politique de collecte et de traitement des cookies<\/strong>.<\/p>\n<p>&nbsp;<\/p>\n<h3 style=\"text-align: center;\"><span style=\"color: #b7a964;\">Qu&rsquo;est-ce qu&rsquo;un biscuit ?<\/span><\/h3>\n<p>&nbsp;<\/p>\n<p>Un cookie est un fichier qui est t\u00e9l\u00e9charg\u00e9 sur votre ordinateur lorsque vous acc\u00e9dez \u00e0 certains sites web. Les cookies permettent \u00e0 un site web, entre autres, de stocker et de r\u00e9cup\u00e9rer des informations sur les habitudes de navigation d&rsquo;un utilisateur ou de son ordinateur et, en fonction des informations qu&rsquo;ils contiennent et de la mani\u00e8re dont vous utilisez votre ordinateur, ils peuvent \u00eatre utilis\u00e9s pour reconna\u00eetre l&rsquo;utilisateur. <\/p>\n<p>&nbsp;<\/p>\n<h3 style=\"text-align: center;\"><span style=\"color: #b7a964;\">Quels types de cookies ce site web utilise-t-il ?<\/span><\/h3>\n<p>&nbsp;<\/p>\n<p>Ce site web utilise les types de cookies suivants :<\/p>\n<p><strong>Cookies d&rsquo;analyse<\/strong>: il s&rsquo;agit de cookies qui sont trait\u00e9s par nous-m\u00eames ou par des tiers et qui nous permettent de quantifier le nombre d&rsquo;utilisateurs et de proc\u00e9der ainsi \u00e0 la mesure et \u00e0 l&rsquo;analyse statistique de l&rsquo;utilisation faite par les utilisateurs du service offert. Pour ce faire, votre navigation sur notre site web est analys\u00e9e afin d&rsquo;am\u00e9liorer la gamme de produits ou de services que nous proposons. <\/p>\n<p><strong>Cookies techniques<\/strong>: ce sont ceux qui permettent \u00e0 l&rsquo;utilisateur de naviguer dans la zone r\u00e9serv\u00e9e et d&rsquo;utiliser ses diff\u00e9rentes fonctions, comme, par exemple, la r\u00e9alisation du processus d&rsquo;achat d&rsquo;un article.<\/p>\n<p><strong>Cookies de personnalisation<\/strong>: il s&rsquo;agit de cookies qui permettent \u00e0 l&rsquo;utilisateur d&rsquo;acc\u00e9der au service avec certaines caract\u00e9ristiques g\u00e9n\u00e9rales pr\u00e9d\u00e9finies en fonction d&rsquo;une s\u00e9rie de crit\u00e8res du terminal de l&rsquo;utilisateur, tels que la langue ou le type de navigateur \u00e0 travers lequel l&rsquo;utilisateur se connecte au service.<\/p>\n<p><strong>Cookies publicitaires<\/strong>: Il s&rsquo;agit de ceux qui, trait\u00e9s par ce site ou par des tiers, nous permettent de g\u00e9rer le plus efficacement possible l&rsquo;offre d&rsquo;espaces publicitaires sur le site, en adaptant le contenu de la publicit\u00e9 au contenu du service demand\u00e9 ou \u00e0 l&rsquo;utilisation que vous faites de notre site. Pour ce faire, nous pouvons analyser vos habitudes de navigation sur Internet et vous pr\u00e9senter des publicit\u00e9s en rapport avec votre profil de navigation. <\/p>\n<p><strong>Cookies de publicit\u00e9 comportementale<\/strong>: Ce sont ceux qui permettent de g\u00e9rer, de la mani\u00e8re la plus efficace possible, les espaces publicitaires que, le cas \u00e9ch\u00e9ant, l&rsquo;\u00e9diteur a inclus sur un site web, une application ou une plateforme \u00e0 partir de laquelle le service demand\u00e9 est fourni. Ce type de cookie stocke des informations sur le comportement des visiteurs obtenues par l&rsquo;observation continue de leurs habitudes de navigation, ce qui permet de d\u00e9velopper un profil sp\u00e9cifique afin d&rsquo;afficher des publicit\u00e9s bas\u00e9es sur ce dernier. <\/p>\n<p>&nbsp;<\/p>\n<h3 style=\"text-align: center;\"><span style=\"color: #b7a964;\">D\u00e9sactiver les cookies.<\/span><\/h3>\n<p>&nbsp;<\/p>\n<p>Vous pouvez <strong>autoriser, bloquer ou supprimer les cookies<\/strong> install\u00e9s sur votre ordinateur en configurant les options du navigateur install\u00e9 sur votre ordinateur.<\/p>\n<p>La plupart des navigateurs web offrent la possibilit\u00e9 d&rsquo;autoriser, de bloquer ou de supprimer les cookies install\u00e9s sur votre ordinateur.<\/p>\n<p>Vous pouvez acc\u00e9der ci-dessous aux param\u00e8tres des navigateurs web les plus courants pour accepter, installer ou d\u00e9sactiver les cookies :<\/p>\n<p><a href=\"https:\/\/support.google.com\/chrome\/answer\/95647?hl=es\" target=\"_blank\" rel=\"noopener noreferrer\">Configuration des cookies dans Google Chrome<\/a><\/p>\n<p><a href=\"http:\/\/windows.microsoft.com\/es-es\/windows7\/how-to-manage-cookies-in-internet-explorer-9\" target=\"_blank\" rel=\"noopener noreferrer\">Param\u00e9trage des cookies dans Microsoft Internet Explorer<\/a><\/p>\n<p><a href=\"https:\/\/support.mozilla.org\/es\/kb\/habilitar-y-deshabilitar-cookies-sitios-web-rastrear-preferencias?redirectlocale=es&amp;redirectslug=habilitar-y-deshabilitar-cookies-que-los-sitios-we\" target=\"_blank\" rel=\"noopener noreferrer\">Configuration des cookies dans Mozilla Firefox<\/a><\/p>\n<p><a href=\"https:\/\/support.apple.com\/es-es\/HT201265\" target=\"_blank\" rel=\"noopener noreferrer\">Configurer les cookies dans Safari (Apple)<\/a><\/p>\n<p>&nbsp;<\/p>\n<h3 style=\"text-align: center;\"><span style=\"color: #b7a964;\">Cookies de tiers.<\/span><\/h3>\n<p>&nbsp;<\/p>\n<p>Ce site web utilise des services tiers pour collecter des informations \u00e0 des fins statistiques et d&rsquo;utilisation du web. Les cookies DoubleClick sont utilis\u00e9s pour am\u00e9liorer la publicit\u00e9 incluse sur le site web. Ils sont utilis\u00e9s pour cibler la publicit\u00e9 en fonction du contenu pertinent pour un utilisateur, am\u00e9liorant ainsi la qualit\u00e9 de l&rsquo;exp\u00e9rience utilisateur.  <\/p>\n<p>Nous utilisons notamment les services Google Adsense et Google Analytics pour nos statistiques et notre publicit\u00e9. Certains cookies sont essentiels au fonctionnement du site, par exemple le moteur de recherche int\u00e9gr\u00e9. <\/p>\n<p>&nbsp;<\/p>\n<h3 style=\"text-align: center;\"><span style=\"color: #b7a964;\">Avertissement concernant la suppression des cookies.<\/span><\/h3>\n<p>&nbsp;<\/p>\n<p>Vous pouvez supprimer et bloquer tous les cookies de ce site, mais une partie du site ne fonctionnera pas ou la qualit\u00e9 de la page web peut \u00eatre affect\u00e9e.<\/p>\n<p>Si vous avez des questions concernant notre politique en mati\u00e8re de cookies, vous pouvez contacter ce site web par l&rsquo;interm\u00e9diaire de nos canaux de contact.<\/p>\n","protected":false},"excerpt":{"rendered":"<p>Conform\u00e9ment aux dispositions de l&rsquo;article 22.2 de la loi 34\/2002, du 11 juillet, sur les services de la soci\u00e9t\u00e9 de l&rsquo;information et le commerce \u00e9lectronique, ce site web vous informe,&#8230;<\/p>\n","protected":false},"author":1,"featured_media":0,"parent":0,"menu_order":0,"comment_status":"closed","ping_status":"closed","template":"","meta":{"footnotes":""},"class_list":["post-7888","page","type-page","status-publish","hentry"],"yoast_head":"<!-- This site is optimized with the Yoast SEO plugin v26.8 - https:\/\/yoast.com\/product\/yoast-seo-wordpress\/ -->\n<title>Politique en mati\u00e8re de cookies - Global Leather Goods<\/title>\n<meta name=\"robots\" content=\"index, follow, max-snippet:-1, max-image-preview:large, max-video-preview:-1\" \/>\n<link rel=\"canonical\" href=\"https:\/\/leathergoods.es\/fr\/politique-en-matiere-de-cookies\/\" \/>\n<meta property=\"og:locale\" content=\"fr_FR\" \/>\n<meta property=\"og:type\" content=\"article\" \/>\n<meta property=\"og:title\" content=\"Politique en mati\u00e8re de cookies - Global Leather Goods\" \/>\n<meta property=\"og:description\" content=\"Conform\u00e9ment aux dispositions de l&rsquo;article 22.2 de la loi 34\/2002, du 11 juillet, sur les services de la soci\u00e9t\u00e9 de l&rsquo;information et le commerce \u00e9lectronique, ce site web vous informe,...\" \/>\n<meta property=\"og:url\" content=\"https:\/\/leathergoods.es\/fr\/politique-en-matiere-de-cookies\/\" \/>\n<meta property=\"og:site_name\" content=\"Global Leather Goods\" \/>\n<meta property=\"article:publisher\" content=\"https:\/\/www.facebook.com\/Global-Leather-Goods-111025509497046\/\" \/>\n<meta name=\"twitter:card\" content=\"summary_large_image\" \/>\n<meta name=\"twitter:label1\" content=\"Dur\u00e9e de lecture estim\u00e9e\" \/>\n\t<meta name=\"twitter:data1\" content=\"4 minutes\" \/>\n<script type=\"application\/ld+json\" class=\"yoast-schema-graph\">{\"@context\":\"https:\/\/schema.org\",\"@graph\":[{\"@type\":\"WebPage\",\"@id\":\"https:\/\/leathergoods.es\/fr\/politique-en-matiere-de-cookies\/\",\"url\":\"https:\/\/leathergoods.es\/fr\/politique-en-matiere-de-cookies\/\",\"name\":\"Politique en mati\u00e8re de cookies - Global Leather Goods\",\"isPartOf\":{\"@id\":\"https:\/\/leathergoods.es\/fr\/#website\"},\"datePublished\":\"2017-08-28T11:33:24+00:00\",\"breadcrumb\":{\"@id\":\"https:\/\/leathergoods.es\/fr\/politique-en-matiere-de-cookies\/#breadcrumb\"},\"inLanguage\":\"fr-FR\",\"potentialAction\":[{\"@type\":\"ReadAction\",\"target\":[\"https:\/\/leathergoods.es\/fr\/politique-en-matiere-de-cookies\/\"]}]},{\"@type\":\"BreadcrumbList\",\"@id\":\"https:\/\/leathergoods.es\/fr\/politique-en-matiere-de-cookies\/#breadcrumb\",\"itemListElement\":[{\"@type\":\"ListItem\",\"position\":1,\"name\":\"Portada\",\"item\":\"https:\/\/leathergoods.es\/fr\/\"},{\"@type\":\"ListItem\",\"position\":2,\"name\":\"Politique en mati\u00e8re de cookies\"}]},{\"@type\":\"WebSite\",\"@id\":\"https:\/\/leathergoods.es\/fr\/#website\",\"url\":\"https:\/\/leathergoods.es\/fr\/\",\"name\":\"Global Leather Goods\",\"description\":\"Fabricante de art\u00edculos de piel &#039;made in Spain&#039;\",\"publisher\":{\"@id\":\"https:\/\/leathergoods.es\/fr\/#organization\"},\"potentialAction\":[{\"@type\":\"SearchAction\",\"target\":{\"@type\":\"EntryPoint\",\"urlTemplate\":\"https:\/\/leathergoods.es\/fr\/?s={search_term_string}\"},\"query-input\":{\"@type\":\"PropertyValueSpecification\",\"valueRequired\":true,\"valueName\":\"search_term_string\"}}],\"inLanguage\":\"fr-FR\"},{\"@type\":\"Organization\",\"@id\":\"https:\/\/leathergoods.es\/fr\/#organization\",\"name\":\"Global Leather Goods\",\"url\":\"https:\/\/leathergoods.es\/fr\/\",\"logo\":{\"@type\":\"ImageObject\",\"inLanguage\":\"fr-FR\",\"@id\":\"https:\/\/leathergoods.es\/fr\/#\/schema\/logo\/image\/\",\"url\":\"https:\/\/leathergoods.es\/wp-content\/uploads\/2018\/04\/global-leather-goods-logo-web-horizontal.1.png\",\"contentUrl\":\"https:\/\/leathergoods.es\/wp-content\/uploads\/2018\/04\/global-leather-goods-logo-web-horizontal.1.png\",\"width\":807,\"height\":191,\"caption\":\"Global Leather Goods\"},\"image\":{\"@id\":\"https:\/\/leathergoods.es\/fr\/#\/schema\/logo\/image\/\"},\"sameAs\":[\"https:\/\/www.facebook.com\/Global-Leather-Goods-111025509497046\/\",\"https:\/\/www.instagram.com\/globalleathergoods\/\",\"https:\/\/www.linkedin.com\/company\/global-leather-goods\/\"]}]}<\/script>\n<!-- \/ Yoast SEO plugin. -->","yoast_head_json":{"title":"Politique en mati\u00e8re de cookies - Global Leather Goods","robots":{"index":"index","follow":"follow","max-snippet":"max-snippet:-1","max-image-preview":"max-image-preview:large","max-video-preview":"max-video-preview:-1"},"canonical":"https:\/\/leathergoods.es\/fr\/politique-en-matiere-de-cookies\/","og_locale":"fr_FR","og_type":"article","og_title":"Politique en mati\u00e8re de cookies - Global Leather Goods","og_description":"Conform\u00e9ment aux dispositions de l&rsquo;article 22.2 de la loi 34\/2002, du 11 juillet, sur les services de la soci\u00e9t\u00e9 de l&rsquo;information et le commerce \u00e9lectronique, ce site web vous informe,...","og_url":"https:\/\/leathergoods.es\/fr\/politique-en-matiere-de-cookies\/","og_site_name":"Global Leather Goods","article_publisher":"https:\/\/www.facebook.com\/Global-Leather-Goods-111025509497046\/","twitter_card":"summary_large_image","twitter_misc":{"Dur\u00e9e de lecture estim\u00e9e":"4 minutes"},"schema":{"@context":"https:\/\/schema.org","@graph":[{"@type":"WebPage","@id":"https:\/\/leathergoods.es\/fr\/politique-en-matiere-de-cookies\/","url":"https:\/\/leathergoods.es\/fr\/politique-en-matiere-de-cookies\/","name":"Politique en mati\u00e8re de cookies - Global Leather Goods","isPartOf":{"@id":"https:\/\/leathergoods.es\/fr\/#website"},"datePublished":"2017-08-28T11:33:24+00:00","breadcrumb":{"@id":"https:\/\/leathergoods.es\/fr\/politique-en-matiere-de-cookies\/#breadcrumb"},"inLanguage":"fr-FR","potentialAction":[{"@type":"ReadAction","target":["https:\/\/leathergoods.es\/fr\/politique-en-matiere-de-cookies\/"]}]},{"@type":"BreadcrumbList","@id":"https:\/\/leathergoods.es\/fr\/politique-en-matiere-de-cookies\/#breadcrumb","itemListElement":[{"@type":"ListItem","position":1,"name":"Portada","item":"https:\/\/leathergoods.es\/fr\/"},{"@type":"ListItem","position":2,"name":"Politique en mati\u00e8re de cookies"}]},{"@type":"WebSite","@id":"https:\/\/leathergoods.es\/fr\/#website","url":"https:\/\/leathergoods.es\/fr\/","name":"Global Leather Goods","description":"Fabricante de art\u00edculos de piel &#039;made in Spain&#039;","publisher":{"@id":"https:\/\/leathergoods.es\/fr\/#organization"},"potentialAction":[{"@type":"SearchAction","target":{"@type":"EntryPoint","urlTemplate":"https:\/\/leathergoods.es\/fr\/?s={search_term_string}"},"query-input":{"@type":"PropertyValueSpecification","valueRequired":true,"valueName":"search_term_string"}}],"inLanguage":"fr-FR"},{"@type":"Organization","@id":"https:\/\/leathergoods.es\/fr\/#organization","name":"Global Leather Goods","url":"https:\/\/leathergoods.es\/fr\/","logo":{"@type":"ImageObject","inLanguage":"fr-FR","@id":"https:\/\/leathergoods.es\/fr\/#\/schema\/logo\/image\/","url":"https:\/\/leathergoods.es\/wp-content\/uploads\/2018\/04\/global-leather-goods-logo-web-horizontal.1.png","contentUrl":"https:\/\/leathergoods.es\/wp-content\/uploads\/2018\/04\/global-leather-goods-logo-web-horizontal.1.png","width":807,"height":191,"caption":"Global Leather Goods"},"image":{"@id":"https:\/\/leathergoods.es\/fr\/#\/schema\/logo\/image\/"},"sameAs":["https:\/\/www.facebook.com\/Global-Leather-Goods-111025509497046\/","https:\/\/www.instagram.com\/globalleathergoods\/","https:\/\/www.linkedin.com\/company\/global-leather-goods\/"]}]}},"_links":{"self":[{"href":"https:\/\/leathergoods.es\/fr\/wp-json\/wp\/v2\/pages\/7888","targetHints":{"allow":["GET"]}}],"collection":[{"href":"https:\/\/leathergoods.es\/fr\/wp-json\/wp\/v2\/pages"}],"about":[{"href":"https:\/\/leathergoods.es\/fr\/wp-json\/wp\/v2\/types\/page"}],"author":[{"embeddable":true,"href":"https:\/\/leathergoods.es\/fr\/wp-json\/wp\/v2\/users\/1"}],"replies":[{"embeddable":true,"href":"https:\/\/leathergoods.es\/fr\/wp-json\/wp\/v2\/comments?post=7888"}],"version-history":[{"count":0,"href":"https:\/\/leathergoods.es\/fr\/wp-json\/wp\/v2\/pages\/7888\/revisions"}],"wp:attachment":[{"href":"https:\/\/leathergoods.es\/fr\/wp-json\/wp\/v2\/media?parent=7888"}],"curies":[{"name":"wp","href":"https:\/\/api.w.org\/{rel}","templated":true}]}}