{"id":7878,"date":"2021-04-30T16:59:25","date_gmt":"2021-04-30T15:59:25","guid":{"rendered":"https:\/\/leathergoods.es\/contact\/"},"modified":"2026-04-13T11:32:50","modified_gmt":"2026-04-13T10:32:50","slug":"contact","status":"publish","type":"page","link":"https:\/\/leathergoods.es\/fr\/contact\/","title":{"rendered":"Contact"},"content":{"rendered":"[vc_row type=\u00a0\u00bbin_container\u00a0\u00bb full_screen_row_position=\u00a0\u00bbmiddle\u00a0\u00bb scene_position=\u00a0\u00bbcenter\u00a0\u00bb text_color=\u00a0\u00bbdark\u00a0\u00bb text_align=\u00a0\u00bbleft\u00a0\u00bb overlay_strength=\u00a0\u00bb0.3&Prime;][vc_column column_padding=\u00a0\u00bbno-extra-padding\u00a0\u00bb column_padding_position=\u00a0\u00bball\u00a0\u00bb background_color_opacity=\u00a0\u00bb1&Prime; background_hover_color_opacity=\u00a0\u00bb1&Prime; column_shadow=\u00a0\u00bbnone\u00a0\u00bb width=\u00a0\u00bb1\/2&Prime; tablet_text_alignment=\u00a0\u00bbdefault\u00a0\u00bb phone_text_alignment=\u00a0\u00bbdefault\u00a0\u00bb column_border_width=\u00a0\u00bbnone\u00a0\u00bb column_border_style=\u00a0\u00bbsolid\u00a0\u00bb]<div class=\"divider-wrap\"><div style=\"height: 50px;\" class=\"divider\"><\/div><\/div>[vc_custom_heading text=\u00a0\u00bbContactez nous\u00a0\u00bb font_container=\u00a0\u00bbtag:h1|font_size:35px|text_align:center|color:%2313385c|line_height:40px\u00a0\u00bb use_theme_fonts=\u00a0\u00bbyes\u00a0\u00bb][vc_custom_heading text=\u00a0\u00bbFaites-nous part de votre projet et notre \u00e9quipe de professionnels vous aidera \u00e0 le r\u00e9aliser.\u00a0\u00bb font_container=\u00a0\u00bbtag:h2|font_size:18px|text_align:center|color:rgba(0%2C0%2C0%2C0.7)|line_height:26px\u00a0\u00bb use_theme_fonts=\u00a0\u00bbyes\u00a0\u00bb]<div class=\"divider-wrap\"><div style=\"height: 40px;\" class=\"divider\"><\/div><\/div><div class=\"img-with-aniamtion-wrap center\" data-max-width=\"100%\"><div class=\"inner\"><img decoding=\"async\" data-shadow=\"none\" data-shadow-direction=\"middle\" class=\"img-with-animation \" data-delay=\"0\" height=\"50\" width=\"50\" data-animation=\"fade-in\" src=\"https:\/\/leathergoods.es\/wp-content\/uploads\/2021\/05\/call1.png\"  alt=\"\" \/><\/div><\/div><div class=\"divider-wrap\"><div style=\"height: 15px;\" class=\"divider\"><\/div><\/div>[vc_custom_heading text=\u00a0\u00bbCentrale t\u00e9l\u00e9phonique\u00a0\u00bb font_container=\u00a0\u00bbtag:h2|font_size:18|text_align:center|color:%23515151&Prime; google_fonts=\u00a0\u00bbfont_family:Montserrat%3Aregular%2C700|font_style:700%20bold%20regular%3A700%3Anormal\u00a0\u00bb][vc_column_text]\n<p style=\"text-align: center;\">Vous pouvez nous appeler au <strong>(+34) 961 279 945<\/strong><\/p>\n[\/vc_column_text]<div class=\"divider-wrap\"><div style=\"height: 40px;\" class=\"divider\"><\/div><\/div><div class=\"divider-wrap\"><div style=\"height: 15px;\" class=\"divider\"><\/div><\/div><div class=\"img-with-aniamtion-wrap center\" data-max-width=\"100%\"><div class=\"inner\"><img decoding=\"async\" data-shadow=\"none\" data-shadow-direction=\"middle\" class=\"img-with-animation \" data-delay=\"0\" height=\"50\" width=\"50\" data-animation=\"fade-in\" src=\"https:\/\/leathergoods.es\/wp-content\/uploads\/2021\/05\/email.png\"  alt=\"\" \/><\/div><\/div>[vc_custom_heading text=\u00a0\u00bbAdresse \u00e9lectronique\u00a0\u00bb font_container=\u00a0\u00bbtag:h2|font_size:18|text_align:center|color:%23515151&Prime; google_fonts=\u00a0\u00bbfont_family:Montserrat%3Aregular%2C700|font_style:700%20bold%20regular%3A700%3Anormal\u00a0\u00bb][vc_column_text]\n<p style=\"text-align: center;\">\u00c9crivez-nous \u00e0 <strong>info@leathergoods.es<\/strong><\/p>\n[\/vc_column_text]<div class=\"divider-wrap\"><div style=\"height: 40px;\" class=\"divider\"><\/div><\/div><div class=\"img-with-aniamtion-wrap center\" data-max-width=\"100%\"><div class=\"inner\"><img decoding=\"async\" data-shadow=\"none\" data-shadow-direction=\"middle\" class=\"img-with-animation \" data-delay=\"0\" height=\"50\" width=\"50\" data-animation=\"fade-in\" src=\"https:\/\/leathergoods.es\/wp-content\/uploads\/2021\/05\/location-pin.png\"  alt=\"\" \/><\/div><\/div><div class=\"divider-wrap\"><div style=\"height: 15px;\" class=\"divider\"><\/div><\/div>[vc_custom_heading text=\u00a0\u00bbLocalisation\u00a0\u00bb font_container=\u00a0\u00bbtag:h2|font_size:18|text_align:center|color:%23515151&Prime; google_fonts=\u00a0\u00bbfont_family:Montserrat%3Aregular%2C700|font_style:700%20bold%20regular%3A700%3Anormal\u00a0\u00bb][vc_column_text]\n<p style=\"text-align: center;\">Nous sommes \u00e0 c\/ Jacinto Labaila, 43 bajo<br \/>\n46017 &#8211; Patraix &#8211; Valencia (Espagne)<\/p>\n[\/vc_column_text][\/vc_column][vc_column column_padding=\u00a0\u00bbno-extra-padding\u00a0\u00bb column_padding_position=\u00a0\u00bball\u00a0\u00bb background_color_opacity=\u00a0\u00bb1&Prime; background_hover_color_opacity=\u00a0\u00bb1&Prime; column_shadow=\u00a0\u00bbnone\u00a0\u00bb width=\u00a0\u00bb1\/2&Prime; tablet_text_alignment=\u00a0\u00bbdefault\u00a0\u00bb phone_text_alignment=\u00a0\u00bbdefault\u00a0\u00bb column_border_width=\u00a0\u00bbnone\u00a0\u00bb column_border_style=\u00a0\u00bbsolid\u00a0\u00bb][vc_raw_html]JTNDZGl2JTIwY2xhc3MlM0QlMjJfZm9ybV83OCUyMiUzRSUzQyUyRmRpdiUzRSUzQ3NjcmlwdCUyMHNyYyUzRCUyMmh0dHBzJTNBJTJGJTJGbGVhdGhlcmdvb2RzZXMuYWN0aXZlaG9zdGVkLmNvbSUyRmYlMkZlbWJlZC5waHAlM0ZpZCUzRDc4JTIyJTIwY2hhcnNldCUzRCUyMnV0Zi04JTIyJTNFJTNDJTJGc2NyaXB0JTNF[\/vc_raw_html][\/vc_column][\/vc_row][vc_row type=\u00a0\u00bbfull_width_content\u00a0\u00bb full_screen_row_position=\u00a0\u00bbmiddle\u00a0\u00bb scene_position=\u00a0\u00bbcenter\u00a0\u00bb text_color=\u00a0\u00bbdark\u00a0\u00bb text_align=\u00a0\u00bbleft\u00a0\u00bb overlay_strength=\u00a0\u00bb0.3&Prime;][vc_column column_padding=\u00a0\u00bbno-extra-padding\u00a0\u00bb column_padding_position=\u00a0\u00bball\u00a0\u00bb background_color_opacity=\u00a0\u00bb1&Prime; background_hover_color_opacity=\u00a0\u00bb1&Prime; column_shadow=\u00a0\u00bbnone\u00a0\u00bb width=\u00a0\u00bb1\/1&Prime; tablet_text_alignment=\u00a0\u00bbdefault\u00a0\u00bb phone_text_alignment=\u00a0\u00bbdefault\u00a0\u00bb column_border_width=\u00a0\u00bbnone\u00a0\u00bb column_border_style=\u00a0\u00bbsolid\u00a0\u00bb][nectar_gmap zoom=\u00a0\u00bb17&Prime; enable_zoom=\u00a0\u00bb1&Prime; marker_style=\u00a0\u00bbdefault\u00a0\u00bb marker_image=\u00a0\u00bb166&Prime; marker_animation=\u00a0\u00bb1&Prime; map_greyscale=\u00a0\u00bb1&Prime; map_color=\u00a0\u00bb#ffffff\u00a0\u00bb size=\u00a0\u00bb300&Prime; map_center_lat=\u00a0\u00bb39.4369967&Prime; map_center_lng=\u00a0\u00bb-0.42580759999998463&Prime; map_markers=\u00a0\u00bb39.4369967|-0.42580759999998463|Oficinas centrales &#8211; c\/ Martina, 10 &#8211; Pol. Ind. Alqueria de Moret &#8211; (C.P.: 46007) &#8211; Picanya &#8211; Valencia `{`Espa\u00f1a`}` (+34) 961 279 945 \/ info@leathergoods.es\u00a0\u00bb][\/vc_column][\/vc_row]\n","protected":false},"excerpt":{"rendered":"<p>[vc_row type=\u00a0\u00bbin_container\u00a0\u00bb full_screen_row_position=\u00a0\u00bbmiddle\u00a0\u00bb scene_position=\u00a0\u00bbcenter\u00a0\u00bb text_color=\u00a0\u00bbdark\u00a0\u00bb text_align=\u00a0\u00bbleft\u00a0\u00bb overlay_strength=\u00a0\u00bb0.3&Prime;][vc_column column_padding=\u00a0\u00bbno-extra-padding\u00a0\u00bb column_padding_position=\u00a0\u00bball\u00a0\u00bb background_color_opacity=\u00a0\u00bb1&Prime; background_hover_color_opacity=\u00a0\u00bb1&Prime; column_shadow=\u00a0\u00bbnone\u00a0\u00bb width=\u00a0\u00bb1\/2&Prime; tablet_text_alignment=\u00a0\u00bbdefault\u00a0\u00bb phone_text_alignment=\u00a0\u00bbdefault\u00a0\u00bb column_border_width=\u00a0\u00bbnone\u00a0\u00bb column_border_style=\u00a0\u00bbsolid\u00a0\u00bb][vc_custom_heading text=\u00a0\u00bbContactez nous\u00a0\u00bb font_container=\u00a0\u00bbtag:h1|font_size:35px|text_align:center|color:%2313385c|line_height:40px\u00a0\u00bb use_theme_fonts=\u00a0\u00bbyes\u00a0\u00bb][vc_custom_heading text=\u00a0\u00bbFaites-nous part de votre projet et notre \u00e9quipe de&#8230;<\/p>\n","protected":false},"author":13,"featured_media":0,"parent":0,"menu_order":0,"comment_status":"closed","ping_status":"closed","template":"","meta":{"footnotes":""},"class_list":["post-7878","page","type-page","status-publish","hentry"],"yoast_head":"<!-- This site is optimized with the Yoast SEO plugin v26.8 - https:\/\/yoast.com\/product\/yoast-seo-wordpress\/ -->\n<title>Contactez Global Leather Goods, Leather Goods for Businesses<\/title>\n<meta name=\"description\" content=\"Contactez Global Leather Goods, fabricant d&#039;articles en cuir pour cadeaux d&#039;entreprise, d&#039;agendas d&#039;entreprise personnalis\u00e9s et d&#039;autres accessoires.\" \/>\n<meta name=\"robots\" content=\"noindex, nofollow\" \/>\n<meta property=\"og:locale\" content=\"fr_FR\" \/>\n<meta property=\"og:type\" content=\"article\" \/>\n<meta property=\"og:title\" content=\"Contactez Global Leather Goods, Leather Goods for Businesses\" \/>\n<meta property=\"og:description\" content=\"Contactez Global Leather Goods, fabricant d&#039;articles en cuir pour cadeaux d&#039;entreprise, d&#039;agendas d&#039;entreprise personnalis\u00e9s et d&#039;autres accessoires.\" \/>\n<meta property=\"og:url\" content=\"https:\/\/leathergoods.es\/fr\/contact\/\" \/>\n<meta property=\"og:site_name\" content=\"Global Leather Goods\" \/>\n<meta property=\"article:publisher\" content=\"https:\/\/www.facebook.com\/Global-Leather-Goods-111025509497046\/\" \/>\n<meta property=\"article:modified_time\" content=\"2026-04-13T10:32:50+00:00\" \/>\n<meta name=\"twitter:card\" content=\"summary_large_image\" \/>\n<meta name=\"twitter:label1\" content=\"Dur\u00e9e de lecture estim\u00e9e\" \/>\n\t<meta name=\"twitter:data1\" content=\"1 minute\" \/>\n<script type=\"application\/ld+json\" class=\"yoast-schema-graph\">{\"@context\":\"https:\/\/schema.org\",\"@graph\":[{\"@type\":\"WebPage\",\"@id\":\"https:\/\/leathergoods.es\/fr\/contact\/\",\"url\":\"https:\/\/leathergoods.es\/fr\/contact\/\",\"name\":\"Contactez Global Leather Goods, Leather Goods for Businesses\",\"isPartOf\":{\"@id\":\"https:\/\/leathergoods.es\/fr\/#website\"},\"datePublished\":\"2021-04-30T15:59:25+00:00\",\"dateModified\":\"2026-04-13T10:32:50+00:00\",\"description\":\"Contactez Global Leather Goods, fabricant d'articles en cuir pour cadeaux d'entreprise, d'agendas d'entreprise personnalis\u00e9s et d'autres accessoires.\",\"breadcrumb\":{\"@id\":\"https:\/\/leathergoods.es\/fr\/contact\/#breadcrumb\"},\"inLanguage\":\"fr-FR\",\"potentialAction\":[{\"@type\":\"ReadAction\",\"target\":[\"https:\/\/leathergoods.es\/fr\/contact\/\"]}]},{\"@type\":\"BreadcrumbList\",\"@id\":\"https:\/\/leathergoods.es\/fr\/contact\/#breadcrumb\",\"itemListElement\":[{\"@type\":\"ListItem\",\"position\":1,\"name\":\"Portada\",\"item\":\"https:\/\/leathergoods.es\/fr\/\"},{\"@type\":\"ListItem\",\"position\":2,\"name\":\"Contact\"}]},{\"@type\":\"WebSite\",\"@id\":\"https:\/\/leathergoods.es\/fr\/#website\",\"url\":\"https:\/\/leathergoods.es\/fr\/\",\"name\":\"Global Leather Goods\",\"description\":\"Fabricante de art\u00edculos de piel &#039;made in Spain&#039;\",\"publisher\":{\"@id\":\"https:\/\/leathergoods.es\/fr\/#organization\"},\"potentialAction\":[{\"@type\":\"SearchAction\",\"target\":{\"@type\":\"EntryPoint\",\"urlTemplate\":\"https:\/\/leathergoods.es\/fr\/?s={search_term_string}\"},\"query-input\":{\"@type\":\"PropertyValueSpecification\",\"valueRequired\":true,\"valueName\":\"search_term_string\"}}],\"inLanguage\":\"fr-FR\"},{\"@type\":\"Organization\",\"@id\":\"https:\/\/leathergoods.es\/fr\/#organization\",\"name\":\"Global Leather Goods\",\"url\":\"https:\/\/leathergoods.es\/fr\/\",\"logo\":{\"@type\":\"ImageObject\",\"inLanguage\":\"fr-FR\",\"@id\":\"https:\/\/leathergoods.es\/fr\/#\/schema\/logo\/image\/\",\"url\":\"https:\/\/leathergoods.es\/wp-content\/uploads\/2018\/04\/global-leather-goods-logo-web-horizontal.1.png\",\"contentUrl\":\"https:\/\/leathergoods.es\/wp-content\/uploads\/2018\/04\/global-leather-goods-logo-web-horizontal.1.png\",\"width\":807,\"height\":191,\"caption\":\"Global Leather Goods\"},\"image\":{\"@id\":\"https:\/\/leathergoods.es\/fr\/#\/schema\/logo\/image\/\"},\"sameAs\":[\"https:\/\/www.facebook.com\/Global-Leather-Goods-111025509497046\/\",\"https:\/\/www.instagram.com\/globalleathergoods\/\",\"https:\/\/www.linkedin.com\/company\/global-leather-goods\/\"]}]}<\/script>\n<!-- \/ Yoast SEO plugin. -->","yoast_head_json":{"title":"Contactez Global Leather Goods, Leather Goods for Businesses","description":"Contactez Global Leather Goods, fabricant d'articles en cuir pour cadeaux d'entreprise, d'agendas d'entreprise personnalis\u00e9s et d'autres accessoires.","robots":{"index":"noindex","follow":"nofollow"},"og_locale":"fr_FR","og_type":"article","og_title":"Contactez Global Leather Goods, Leather Goods for Businesses","og_description":"Contactez Global Leather Goods, fabricant d'articles en cuir pour cadeaux d'entreprise, d'agendas d'entreprise personnalis\u00e9s et d'autres accessoires.","og_url":"https:\/\/leathergoods.es\/fr\/contact\/","og_site_name":"Global Leather Goods","article_publisher":"https:\/\/www.facebook.com\/Global-Leather-Goods-111025509497046\/","article_modified_time":"2026-04-13T10:32:50+00:00","twitter_card":"summary_large_image","twitter_misc":{"Dur\u00e9e de lecture estim\u00e9e":"1 minute"},"schema":{"@context":"https:\/\/schema.org","@graph":[{"@type":"WebPage","@id":"https:\/\/leathergoods.es\/fr\/contact\/","url":"https:\/\/leathergoods.es\/fr\/contact\/","name":"Contactez Global Leather Goods, Leather Goods for Businesses","isPartOf":{"@id":"https:\/\/leathergoods.es\/fr\/#website"},"datePublished":"2021-04-30T15:59:25+00:00","dateModified":"2026-04-13T10:32:50+00:00","description":"Contactez Global Leather Goods, fabricant d'articles en cuir pour cadeaux d'entreprise, d'agendas d'entreprise personnalis\u00e9s et d'autres accessoires.","breadcrumb":{"@id":"https:\/\/leathergoods.es\/fr\/contact\/#breadcrumb"},"inLanguage":"fr-FR","potentialAction":[{"@type":"ReadAction","target":["https:\/\/leathergoods.es\/fr\/contact\/"]}]},{"@type":"BreadcrumbList","@id":"https:\/\/leathergoods.es\/fr\/contact\/#breadcrumb","itemListElement":[{"@type":"ListItem","position":1,"name":"Portada","item":"https:\/\/leathergoods.es\/fr\/"},{"@type":"ListItem","position":2,"name":"Contact"}]},{"@type":"WebSite","@id":"https:\/\/leathergoods.es\/fr\/#website","url":"https:\/\/leathergoods.es\/fr\/","name":"Global Leather Goods","description":"Fabricante de art\u00edculos de piel &#039;made in Spain&#039;","publisher":{"@id":"https:\/\/leathergoods.es\/fr\/#organization"},"potentialAction":[{"@type":"SearchAction","target":{"@type":"EntryPoint","urlTemplate":"https:\/\/leathergoods.es\/fr\/?s={search_term_string}"},"query-input":{"@type":"PropertyValueSpecification","valueRequired":true,"valueName":"search_term_string"}}],"inLanguage":"fr-FR"},{"@type":"Organization","@id":"https:\/\/leathergoods.es\/fr\/#organization","name":"Global Leather Goods","url":"https:\/\/leathergoods.es\/fr\/","logo":{"@type":"ImageObject","inLanguage":"fr-FR","@id":"https:\/\/leathergoods.es\/fr\/#\/schema\/logo\/image\/","url":"https:\/\/leathergoods.es\/wp-content\/uploads\/2018\/04\/global-leather-goods-logo-web-horizontal.1.png","contentUrl":"https:\/\/leathergoods.es\/wp-content\/uploads\/2018\/04\/global-leather-goods-logo-web-horizontal.1.png","width":807,"height":191,"caption":"Global Leather Goods"},"image":{"@id":"https:\/\/leathergoods.es\/fr\/#\/schema\/logo\/image\/"},"sameAs":["https:\/\/www.facebook.com\/Global-Leather-Goods-111025509497046\/","https:\/\/www.instagram.com\/globalleathergoods\/","https:\/\/www.linkedin.com\/company\/global-leather-goods\/"]}]}},"_links":{"self":[{"href":"https:\/\/leathergoods.es\/fr\/wp-json\/wp\/v2\/pages\/7878","targetHints":{"allow":["GET"]}}],"collection":[{"href":"https:\/\/leathergoods.es\/fr\/wp-json\/wp\/v2\/pages"}],"about":[{"href":"https:\/\/leathergoods.es\/fr\/wp-json\/wp\/v2\/types\/page"}],"author":[{"embeddable":true,"href":"https:\/\/leathergoods.es\/fr\/wp-json\/wp\/v2\/users\/13"}],"replies":[{"embeddable":true,"href":"https:\/\/leathergoods.es\/fr\/wp-json\/wp\/v2\/comments?post=7878"}],"version-history":[{"count":2,"href":"https:\/\/leathergoods.es\/fr\/wp-json\/wp\/v2\/pages\/7878\/revisions"}],"predecessor-version":[{"id":10049,"href":"https:\/\/leathergoods.es\/fr\/wp-json\/wp\/v2\/pages\/7878\/revisions\/10049"}],"wp:attachment":[{"href":"https:\/\/leathergoods.es\/fr\/wp-json\/wp\/v2\/media?parent=7878"}],"curies":[{"name":"wp","href":"https:\/\/api.w.org\/{rel}","templated":true}]}}