{"id":7847,"date":"2022-05-31T15:34:08","date_gmt":"2022-05-31T14:34:08","guid":{"rendered":"https:\/\/leathergoods.es\/agenda-de-poche-vista-wire-o-week-planner\/"},"modified":"2022-05-31T15:34:08","modified_gmt":"2022-05-31T14:34:08","slug":"agenda-de-poche-vista-wire-o-week-planner","status":"publish","type":"page","link":"https:\/\/leathergoods.es\/fr\/agenda-de-poche-vista-wire-o-week-planner\/","title":{"rendered":"Agenda de poche Vista Wire-O week planner"},"content":{"rendered":"[vc_row type=\u00a0\u00bbfull_width_background\u00a0\u00bb full_screen_row_position=\u00a0\u00bbmiddle\u00a0\u00bb scene_position=\u00a0\u00bbcenter\u00a0\u00bb text_color=\u00a0\u00bbdark\u00a0\u00bb text_align=\u00a0\u00bbleft\u00a0\u00bb top_padding=\u00a0\u00bb50&Prime; bottom_padding=\u00a0\u00bb15&Prime; overlay_strength=\u00a0\u00bb0.3&Prime;][vc_column centered_text=\u00a0\u00bbtrue\u00a0\u00bb column_padding=\u00a0\u00bbno-extra-padding\u00a0\u00bb column_padding_position=\u00a0\u00bball\u00a0\u00bb background_color_opacity=\u00a0\u00bb1&Prime; background_hover_color_opacity=\u00a0\u00bb1&Prime; column_shadow=\u00a0\u00bbnone\u00a0\u00bb width=\u00a0\u00bb1\/1&Prime; tablet_text_alignment=\u00a0\u00bbdefault\u00a0\u00bb phone_text_alignment=\u00a0\u00bbdefault\u00a0\u00bb column_border_width=\u00a0\u00bbnone\u00a0\u00bb column_border_style=\u00a0\u00bbsolid\u00a0\u00bb][vc_column_text]\n<h6 style=\"text-align: center;\"><span style=\"color: #b7a964;\"><a style=\"color: #b7a964;\" href=\"https:\/\/leathergoods.es\/fr\/agendas-2024\/\">&lt;&lt;  Retour \u00e0 \u00ab\u00a0Agendas 2024<\/a><\/span><\/h6>\n[\/vc_column_text][\/vc_column][\/vc_row][vc_row type=\u00a0\u00bbfull_width_background\u00a0\u00bb full_screen_row_position=\u00a0\u00bbmiddle\u00a0\u00bb bg_color=\u00a0\u00bb#074173&Prime; scene_position=\u00a0\u00bbcenter\u00a0\u00bb text_color=\u00a0\u00bbdark\u00a0\u00bb text_align=\u00a0\u00bbleft\u00a0\u00bb top_padding=\u00a0\u00bb50&Prime; bottom_padding=\u00a0\u00bb50&Prime; overlay_strength=\u00a0\u00bb0.3&Prime;][vc_column centered_text=\u00a0\u00bbtrue\u00a0\u00bb column_padding=\u00a0\u00bbno-extra-padding\u00a0\u00bb column_padding_position=\u00a0\u00bball\u00a0\u00bb background_color_opacity=\u00a0\u00bb1&Prime; background_hover_color_opacity=\u00a0\u00bb1&Prime; column_shadow=\u00a0\u00bbnone\u00a0\u00bb width=\u00a0\u00bb1\/1&Prime; tablet_text_alignment=\u00a0\u00bbdefault\u00a0\u00bb phone_text_alignment=\u00a0\u00bbdefault\u00a0\u00bb column_border_width=\u00a0\u00bbnone\u00a0\u00bb column_border_style=\u00a0\u00bbsolid\u00a0\u00bb][vc_custom_heading text=\u00a0\u00bbAgenda de poche Vista Wire-O week planner\u00a0\u00bb font_container=\u00a0\u00bbtag:h1|text_align:center|color:%23ffffff\u00a0\u00bb use_theme_fonts=\u00a0\u00bbyes\u00a0\u00bb]<div class=\"divider-wrap\"><div style=\"height: 20px;\" class=\"divider\"><\/div><\/div>[vc_column_text]\n<p style=\"text-align: center;\"><span style=\"color: #ffffff;\">L&rsquo;agenda Semana Vista avec reliure Wire-O est la version compacte de votre agenda d&rsquo;entreprise. Emportez-le toujours avec vous pour noter vos rendez-vous importants. <\/span><\/p>\n<p style=\"text-align: center;\"><span style=\"color: #ffffff;\">Personnalisez cet agenda avec le logo de votre entreprise en marquage \u00e0 chaud. Il vous permet d&rsquo;inclure des encarts ou des pages d&rsquo;information en d\u00e9but d&rsquo;agenda. Compos\u00e9 d&rsquo;une couverture et de recharges.  <\/span><\/p>\n[\/vc_column_text]<div class=\"divider-wrap\"><div style=\"height: 40px;\" class=\"divider\"><\/div><\/div>[nectar_btn size=\u00a0\u00bbsmall\u00a0\u00bb button_style=\u00a0\u00bbregular-tilt\u00a0\u00bb button_color=\u00a0\u00bbAccent-Color\u00a0\u00bb color_override=\u00a0\u00bb#b7a964&Prime; icon_family=\u00a0\u00bbnone\u00a0\u00bb url=\u00a0\u00bb#formulario\u00a0\u00bb text=\u00a0\u00bbDEMANDER UN DEVIS\u00a0\u00bb][\/vc_column][\/vc_row][vc_row type=\u00a0\u00bbfull_width_background\u00a0\u00bb full_screen_row_position=\u00a0\u00bbmiddle\u00a0\u00bb scene_position=\u00a0\u00bbcenter\u00a0\u00bb text_color=\u00a0\u00bbdark\u00a0\u00bb text_align=\u00a0\u00bbleft\u00a0\u00bb top_padding=\u00a0\u00bb40&Prime; bottom_padding=\u00a0\u00bb40&Prime; overlay_strength=\u00a0\u00bb0.3&Prime;][vc_column column_padding=\u00a0\u00bbno-extra-padding\u00a0\u00bb column_padding_position=\u00a0\u00bball\u00a0\u00bb background_color_opacity=\u00a0\u00bb1&Prime; background_hover_color_opacity=\u00a0\u00bb1&Prime; column_shadow=\u00a0\u00bbnone\u00a0\u00bb width=\u00a0\u00bb1\/2&Prime; tablet_text_alignment=\u00a0\u00bbdefault\u00a0\u00bb phone_text_alignment=\u00a0\u00bbdefault\u00a0\u00bb column_border_width=\u00a0\u00bbnone\u00a0\u00bb column_border_style=\u00a0\u00bbsolid\u00a0\u00bb][vc_column_text]\n<h2 style=\"text-align: left;\"><span style=\"color: #074173;\">Caract\u00e9ristiques<\/span><\/h2>\n[\/vc_column_text]<div class=\"divider-wrap\"><div style=\"height: 20px;\" class=\"divider\"><\/div><\/div>[vc_column_text]\n<ul>\n<li><strong>Agenda de<\/strong> <strong>poche<\/strong> <strong>Wire-O (<\/strong> deux pages par semaine)<\/li>\n<li>143 pages.<\/li>\n<li>Langue principale, l&rsquo;espagnol.<\/li>\n<li>Papier offset \u00e9cologique, couleur naturelle, 90 grammes.<\/li>\n<li>Impression offset grise en une couleur.<\/li>\n<li>Reliure Wire-O.<\/li>\n<li>Etuis fabriqu\u00e9s \u00e0 la main en Espagne par des maroquiniers experts. Carton matelass\u00e9 et bords cousus. <\/li>\n<li>Mat\u00e9riaux : une large gamme d&rsquo;options en cuir, \u00e9co-cuir, v\u00e9g\u00e9talien et autres mat\u00e9riaux.<\/li>\n<li>Ruban d&rsquo;enregistrement ou point de lecture satin\u00e9.<\/li>\n<li>Calendriers, agenda annuel, adresses et num\u00e9ros de t\u00e9l\u00e9phone.<\/li>\n<li>Pr\u00e9sentation : bo\u00eete en carton blanc graphique de 250 grammes.<\/li>\n<li><strong>Dimensions disponibles : 8 x 14 cm (mod\u00e8le SW-8)<\/strong><\/li>\n<\/ul>\n[\/vc_column_text]<div class=\"divider-wrap\"><div style=\"height: 20px;\" class=\"divider\"><\/div><\/div><div class=\"img-with-aniamtion-wrap \" data-max-width=\"100%\"><div class=\"inner\"><img decoding=\"async\" data-shadow=\"none\" data-shadow-direction=\"middle\" class=\"img-with-animation \" data-delay=\"0\" height=\"78\" width=\"178\" data-animation=\"fade-in\" src=\"https:\/\/leathergoods.es\/wp-content\/uploads\/2022\/05\/agenda-2023-semana-vista-wire-o-bolsillo.jpg\"  alt=\"\" \/><\/div><\/div>[\/vc_column][vc_column column_padding=\u00a0\u00bbno-extra-padding\u00a0\u00bb column_padding_position=\u00a0\u00bball\u00a0\u00bb background_color_opacity=\u00a0\u00bb1&Prime; background_hover_color_opacity=\u00a0\u00bb1&Prime; column_shadow=\u00a0\u00bbnone\u00a0\u00bb width=\u00a0\u00bb1\/2&Prime; tablet_text_alignment=\u00a0\u00bbdefault\u00a0\u00bb phone_text_alignment=\u00a0\u00bbdefault\u00a0\u00bb column_border_width=\u00a0\u00bbnone\u00a0\u00bb column_border_style=\u00a0\u00bbsolid\u00a0\u00bb][vc_gallery type=\u00a0\u00bbflexslider_style\u00a0\u00bb images=\u00a0\u00bb4175,4167,4162,4164&Prime; onclick=\u00a0\u00bblink_no\u00a0\u00bb img_size=\u00a0\u00bbfull\u00a0\u00bb][\/vc_column][\/vc_row][vc_row type=\u00a0\u00bbfull_width_content\u00a0\u00bb full_screen_row_position=\u00a0\u00bbmiddle\u00a0\u00bb equal_height=\u00a0\u00bbyes\u00a0\u00bb scene_position=\u00a0\u00bbcenter\u00a0\u00bb text_color=\u00a0\u00bbdark\u00a0\u00bb text_align=\u00a0\u00bbleft\u00a0\u00bb overlay_strength=\u00a0\u00bb0.3&Prime;][vc_column column_padding=\u00a0\u00bbno-extra-padding\u00a0\u00bb column_padding_position=\u00a0\u00bball\u00a0\u00bb background_color_opacity=\u00a0\u00bb1&Prime; background_hover_color_opacity=\u00a0\u00bb1&Prime; column_shadow=\u00a0\u00bbnone\u00a0\u00bb width=\u00a0\u00bb1\/1&Prime; tablet_text_alignment=\u00a0\u00bbdefault\u00a0\u00bb phone_text_alignment=\u00a0\u00bbdefault\u00a0\u00bb column_border_width=\u00a0\u00bbnone\u00a0\u00bb column_border_style=\u00a0\u00bbsolid\u00a0\u00bb]<div class=\"divider-wrap\"><div style=\"margin-top: 12px; height: 4px; margin-bottom: 12px;\" data-width=\"100%\" data-animate=\"\" data-animation-delay=\"\" data-color=\"accent-color\" class=\"divider-border\"><\/div><\/div>[\/vc_column][\/vc_row][vc_row type=\u00a0\u00bbin_container\u00a0\u00bb full_screen_row_position=\u00a0\u00bbmiddle\u00a0\u00bb scene_position=\u00a0\u00bbcenter\u00a0\u00bb text_color=\u00a0\u00bbdark\u00a0\u00bb text_align=\u00a0\u00bbleft\u00a0\u00bb top_padding=\u00a0\u00bb40&Prime; bottom_padding=\u00a0\u00bb40&Prime; overlay_strength=\u00a0\u00bb0.3&Prime;][vc_column column_padding=\u00a0\u00bbno-extra-padding\u00a0\u00bb column_padding_position=\u00a0\u00bball\u00a0\u00bb background_color_opacity=\u00a0\u00bb1&Prime; background_hover_color_opacity=\u00a0\u00bb1&Prime; column_shadow=\u00a0\u00bbnone\u00a0\u00bb width=\u00a0\u00bb1\/1&Prime; tablet_text_alignment=\u00a0\u00bbdefault\u00a0\u00bb phone_text_alignment=\u00a0\u00bbdefault\u00a0\u00bb column_border_width=\u00a0\u00bbnone\u00a0\u00bb column_border_style=\u00a0\u00bbsolid\u00a0\u00bb][vc_custom_heading text=\u00a0\u00bbNous souhaitons que vous nous fournissiez le plus d&rsquo;informations possible afin que nous puissions \u00e9tablir votre devis personnalis\u00e9 pour l&rsquo;agenda 2024 avec le plus grand soin et la plus grande minutie.\u00a0\u00bb font_container=\u00a0\u00bbtag:h2|text_align:center|color:%23b7a964&Prime; use_theme_fonts=\u00a0\u00bbyes\u00a0\u00bb]<div class=\"divider-wrap\"><div style=\"height: 20px;\" class=\"divider\"><\/div><\/div>[vc_raw_html]JTNDYSUyMG5hbWUlM0QlMjmb3JtdWxhcmlvJTIyJTNFJTNDJTJGYSUzRQ== JTNDZGYSUzRQ== JTNDZGYSUzRQ==== JTNDZGYSUzRQ==.[\/vc_raw_html][vc_raw_html]JTNDZGl2JTIwY2xhc3MlM0QlMjJfZm9ybV81JTIyJTNFJTNDJTJGZGl2JTNFJTNDc2NyaXB0JTIwc3JjJTNEJTIyaHR0cHMlM0ElMkYlMkZsZWF0aGVyZ29vZHNlcy5hY3RpdmVob3N0ZWQuY29tJTJGZiUyRmVtYmVkLnBocCUzRmlkJTNENSUyMiUyMHR5cGUlM0QlMjJ0ZXh0JTJGamF2YXNjcmlwdCUyMiUyMGNoYXJzZXQlM0QlMjJ1dGYtOCUyMiUzRSUzQyUyRnNjcmlwdCUzRQ==[\/vc_raw_html][\/vc_column][\/vc_row][vc_row type=\u00a0\u00bbfull_width_content\u00a0\u00bb full_screen_row_position=\u00a0\u00bbmiddle\u00a0\u00bb equal_height=\u00a0\u00bbyes\u00a0\u00bb scene_position=\u00a0\u00bbcenter\u00a0\u00bb text_color=\u00a0\u00bbdark\u00a0\u00bb text_align=\u00a0\u00bbleft\u00a0\u00bb overlay_strength=\u00a0\u00bb0.3&Prime;][vc_column column_padding=\u00a0\u00bbno-extra-padding\u00a0\u00bb column_padding_position=\u00a0\u00bball\u00a0\u00bb background_color_opacity=\u00a0\u00bb1&Prime; background_hover_color_opacity=\u00a0\u00bb1&Prime; column_shadow=\u00a0\u00bbnone\u00a0\u00bb width=\u00a0\u00bb1\/1&Prime; tablet_text_alignment=\u00a0\u00bbdefault\u00a0\u00bb phone_text_alignment=\u00a0\u00bbdefault\u00a0\u00bb column_border_width=\u00a0\u00bbnone\u00a0\u00bb column_border_style=\u00a0\u00bbsolid\u00a0\u00bb]<div class=\"divider-wrap\"><div style=\"margin-top: 12px; height: 4px; margin-bottom: 12px;\" data-width=\"100%\" data-animate=\"\" data-animation-delay=\"\" data-color=\"accent-color\" class=\"divider-border\"><\/div><\/div>[\/vc_column][\/vc_row][vc_row type=\u00a0\u00bbin_container\u00a0\u00bb full_screen_row_position=\u00a0\u00bbmiddle\u00a0\u00bb scene_position=\u00a0\u00bbcenter\u00a0\u00bb text_color=\u00a0\u00bbdark\u00a0\u00bb text_align=\u00a0\u00bbleft\u00a0\u00bb top_padding=\u00a0\u00bb40&Prime; overlay_strength=\u00a0\u00bb0.3&Prime;][vc_column centered_text=\u00a0\u00bbtrue\u00a0\u00bb column_padding=\u00a0\u00bbno-extra-padding\u00a0\u00bb column_padding_position=\u00a0\u00bball\u00a0\u00bb background_color_opacity=\u00a0\u00bb1&Prime; background_hover_color_opacity=\u00a0\u00bb1&Prime; column_shadow=\u00a0\u00bbnone\u00a0\u00bb width=\u00a0\u00bb1\/1&Prime; tablet_text_alignment=\u00a0\u00bbdefault\u00a0\u00bb phone_text_alignment=\u00a0\u00bbdefault\u00a0\u00bb column_border_width=\u00a0\u00bbnone\u00a0\u00bb column_border_style=\u00a0\u00bbsolid\u00a0\u00bb][vc_column_text]\n<h2 style=\"text-align: center;\"><span style=\"color: #074173;\">Produits apparent\u00e9s<\/span><\/h2>\n[\/vc_column_text]<div class=\"divider-wrap\"><div style=\"margin-top: 10px; width: 40px; height: 3px; margin-bottom: 10px;\" data-width=\"40\" data-animate=\"yes\" data-animation-delay=\"\" data-color=\"extra-color-gradient-2\" class=\"divider-small-border\"><\/div><\/div>[\/vc_column][\/vc_row][vc_row type=\u00a0\u00bbin_container\u00a0\u00bb full_screen_row_position=\u00a0\u00bbmiddle\u00a0\u00bb scene_position=\u00a0\u00bbcenter\u00a0\u00bb text_color=\u00a0\u00bbdark\u00a0\u00bb text_align=\u00a0\u00bbleft\u00a0\u00bb overlay_strength=\u00a0\u00bb0.3&Prime;][vc_column column_padding=\u00a0\u00bbno-extra-padding\u00a0\u00bb column_padding_position=\u00a0\u00bball\u00a0\u00bb background_color_opacity=\u00a0\u00bb1&Prime; background_hover_color_opacity=\u00a0\u00bb1&Prime; column_shadow=\u00a0\u00bbnone\u00a0\u00bb width=\u00a0\u00bb1\/3&Prime; tablet_text_alignment=\u00a0\u00bbdefault\u00a0\u00bb phone_text_alignment=\u00a0\u00bbdefault\u00a0\u00bb column_border_width=\u00a0\u00bbnone\u00a0\u00bb column_border_style=\u00a0\u00bbsolid\u00a0\u00bb]<div class=\"img-with-aniamtion-wrap center\" data-max-width=\"100%\"><div class=\"inner\"><a href=\"\/agenda-semana-vista-wire-o\/\" target=\"_self\" class=\"center\"><img fetchpriority=\"high\" decoding=\"async\" data-shadow=\"none\" data-shadow-direction=\"middle\" class=\"img-with-animation \" data-delay=\"0\" height=\"378\" width=\"600\" data-animation=\"fade-in\" src=\"https:\/\/leathergoods.es\/wp-content\/uploads\/2022\/05\/agenda-2023-semana-vista-wire-o-2.jpg\" srcset=\"https:\/\/leathergoods.es\/wp-content\/uploads\/2022\/05\/agenda-2023-semana-vista-wire-o-2.jpg 600w, https:\/\/leathergoods.es\/wp-content\/uploads\/2022\/05\/agenda-2023-semana-vista-wire-o-2-300x189.jpg 300w\" sizes=\"100vw\" alt=\"\" \/><\/a><\/div><\/div>[vc_column_text]\n<p style=\"text-align: center;\"><strong>Agenda Wire-O week view<\/strong><\/p>\n[\/vc_column_text][vc_column_text]\n<p style=\"text-align: center;\">&#8211;<\/p>\n<p style=\"text-align: center;\">Un agenda hebdomadaire pour conserver les documents<\/p>\n[\/vc_column_text][\/vc_column][vc_column column_padding=\u00a0\u00bbno-extra-padding\u00a0\u00bb column_padding_position=\u00a0\u00bball\u00a0\u00bb background_color_opacity=\u00a0\u00bb1&Prime; background_hover_color_opacity=\u00a0\u00bb1&Prime; column_shadow=\u00a0\u00bbnone\u00a0\u00bb width=\u00a0\u00bb1\/3&Prime; tablet_text_alignment=\u00a0\u00bbdefault\u00a0\u00bb phone_text_alignment=\u00a0\u00bbdefault\u00a0\u00bb column_border_width=\u00a0\u00bbnone\u00a0\u00bb column_border_style=\u00a0\u00bbsolid\u00a0\u00bb]<div class=\"img-with-aniamtion-wrap center\" data-max-width=\"100%\"><div class=\"inner\"><a href=\"https:\/\/leathergoods.es\/agenda-dia-por-pagina-cosida\/\" target=\"_self\" class=\"center\"><img decoding=\"async\" data-shadow=\"none\" data-shadow-direction=\"middle\" class=\"img-with-animation \" data-delay=\"0\" height=\"450\" width=\"600\" data-animation=\"fade-in\" src=\"https:\/\/leathergoods.es\/wp-content\/uploads\/2022\/05\/agenda-2023-dia-pagina-cosida-1-1.jpg\" srcset=\"https:\/\/leathergoods.es\/wp-content\/uploads\/2022\/05\/agenda-2023-dia-pagina-cosida-1-1.jpg 600w, https:\/\/leathergoods.es\/wp-content\/uploads\/2022\/05\/agenda-2023-dia-pagina-cosida-1-1-300x225.jpg 300w\" sizes=\"100vw\" alt=\"\" \/><\/a><\/div><\/div>[vc_column_text]\n<div class=\"wpb_text_column wpb_content_element \">\n<div class=\"wpb_wrapper\">\n<p style=\"text-align: center;\"><strong>Agenda Jour par page Cousu<\/strong><\/p>\n<\/div>\n<\/div>\n[\/vc_column_text][vc_column_text]\n<p style=\"text-align: center;\">&#8211;<\/p>\n<p style=\"text-align: center;\">Un agenda jour par jour pour transporter des documents<\/p>\n[\/vc_column_text][\/vc_column][vc_column column_padding=\u00a0\u00bbno-extra-padding\u00a0\u00bb column_padding_position=\u00a0\u00bball\u00a0\u00bb background_color_opacity=\u00a0\u00bb1&Prime; background_hover_color_opacity=\u00a0\u00bb1&Prime; column_shadow=\u00a0\u00bbnone\u00a0\u00bb width=\u00a0\u00bb1\/3&Prime; tablet_text_alignment=\u00a0\u00bbdefault\u00a0\u00bb phone_text_alignment=\u00a0\u00bbdefault\u00a0\u00bb column_border_width=\u00a0\u00bbnone\u00a0\u00bb column_border_style=\u00a0\u00bbsolid\u00a0\u00bb]<div class=\"img-with-aniamtion-wrap center\" data-max-width=\"100%\"><div class=\"inner\"><a href=\"https:\/\/leathergoods.es\/accesorios-de-escritorio\/\" target=\"_self\" class=\"center\"><img loading=\"lazy\" decoding=\"async\" data-shadow=\"none\" data-shadow-direction=\"middle\" class=\"img-with-animation \" data-delay=\"0\" height=\"200\" width=\"300\" data-animation=\"fade-in\" src=\"https:\/\/leathergoods.es\/wp-content\/uploads\/2021\/09\/Accesorios-escritorio-portalapices-amarillo-600x400-1.jpg\"  alt=\"\" \/><\/a><\/div><\/div>[vc_column_text]\n<p style=\"text-align: center;\"><strong>Porte-crayons<\/strong><\/p>\n[\/vc_column_text][vc_column_text]\n<p style=\"text-align: center;\">&#8211;<\/p>\n<p style=\"text-align: center;\">Les porte-pinces \u00e9l\u00e9gants apportent de l&rsquo;ordre et constituent un excellent choix d\u00e9coratif.<\/p>\n[\/vc_column_text][\/vc_column][\/vc_row]\n","protected":false},"excerpt":{"rendered":"<p>[vc_row type=\u00a0\u00bbfull_width_background\u00a0\u00bb full_screen_row_position=\u00a0\u00bbmiddle\u00a0\u00bb scene_position=\u00a0\u00bbcenter\u00a0\u00bb text_color=\u00a0\u00bbdark\u00a0\u00bb text_align=\u00a0\u00bbleft\u00a0\u00bb top_padding=\u00a0\u00bb50&Prime; bottom_padding=\u00a0\u00bb15&Prime; overlay_strength=\u00a0\u00bb0.3&Prime;][vc_column centered_text=\u00a0\u00bbtrue\u00a0\u00bb column_padding=\u00a0\u00bbno-extra-padding\u00a0\u00bb column_padding_position=\u00a0\u00bball\u00a0\u00bb background_color_opacity=\u00a0\u00bb1&Prime; background_hover_color_opacity=\u00a0\u00bb1&Prime; column_shadow=\u00a0\u00bbnone\u00a0\u00bb width=\u00a0\u00bb1\/1&Prime; tablet_text_alignment=\u00a0\u00bbdefault\u00a0\u00bb phone_text_alignment=\u00a0\u00bbdefault\u00a0\u00bb column_border_width=\u00a0\u00bbnone\u00a0\u00bb column_border_style=\u00a0\u00bbsolid\u00a0\u00bb][vc_column_text] &lt;&lt; Retour \u00e0 \u00ab\u00a0Agendas 2024 [\/vc_column_text][\/vc_column][\/vc_row][vc_row type=\u00a0\u00bbfull_width_background\u00a0\u00bb full_screen_row_position=\u00a0\u00bbmiddle\u00a0\u00bb bg_color=\u00a0\u00bb#074173&Prime; scene_position=\u00a0\u00bbcenter\u00a0\u00bb&#8230;<\/p>\n","protected":false},"author":1,"featured_media":0,"parent":0,"menu_order":0,"comment_status":"closed","ping_status":"closed","template":"","meta":{"footnotes":""},"class_list":["post-7847","page","type-page","status-publish","hentry"],"yoast_head":"<!-- This site is optimized with the Yoast SEO plugin v26.8 - https:\/\/yoast.com\/product\/yoast-seo-wordpress\/ -->\n<title>Agendas journaliers avec reliure Wire-O | Global Leather Goods<\/title>\n<meta name=\"description\" content=\"Agenda de poche compact Wire-O : organisez votre agenda d&#039;entreprise o\u00f9 vous voulez. Design artisanal, mat\u00e9riaux personnalisables et facilit\u00e9 de transport.\" \/>\n<meta name=\"robots\" content=\"index, follow, max-snippet:-1, max-image-preview:large, max-video-preview:-1\" \/>\n<link rel=\"canonical\" href=\"https:\/\/leathergoods.es\/fr\/agenda-de-poche-vista-wire-o-week-planner\/\" \/>\n<meta property=\"og:locale\" content=\"fr_FR\" \/>\n<meta property=\"og:type\" content=\"article\" \/>\n<meta property=\"og:title\" content=\"Agendas journaliers avec reliure Wire-O | Global Leather Goods\" \/>\n<meta property=\"og:description\" content=\"Agenda de poche compact Wire-O : organisez votre agenda d&#039;entreprise o\u00f9 vous voulez. Design artisanal, mat\u00e9riaux personnalisables et facilit\u00e9 de transport.\" \/>\n<meta property=\"og:url\" content=\"https:\/\/leathergoods.es\/fr\/agenda-de-poche-vista-wire-o-week-planner\/\" \/>\n<meta property=\"og:site_name\" content=\"Global Leather Goods\" \/>\n<meta property=\"article:publisher\" content=\"https:\/\/www.facebook.com\/Global-Leather-Goods-111025509497046\/\" \/>\n<meta name=\"twitter:card\" content=\"summary_large_image\" \/>\n<meta name=\"twitter:label1\" content=\"Dur\u00e9e de lecture estim\u00e9e\" \/>\n\t<meta name=\"twitter:data1\" content=\"6 minutes\" \/>\n<script type=\"application\/ld+json\" class=\"yoast-schema-graph\">{\"@context\":\"https:\/\/schema.org\",\"@graph\":[{\"@type\":\"WebPage\",\"@id\":\"https:\/\/leathergoods.es\/fr\/agenda-de-poche-vista-wire-o-week-planner\/\",\"url\":\"https:\/\/leathergoods.es\/fr\/agenda-de-poche-vista-wire-o-week-planner\/\",\"name\":\"Agendas journaliers avec reliure Wire-O | Global Leather Goods\",\"isPartOf\":{\"@id\":\"https:\/\/leathergoods.es\/fr\/#website\"},\"datePublished\":\"2022-05-31T14:34:08+00:00\",\"description\":\"Agenda de poche compact Wire-O : organisez votre agenda d'entreprise o\u00f9 vous voulez. Design artisanal, mat\u00e9riaux personnalisables et facilit\u00e9 de transport.\",\"breadcrumb\":{\"@id\":\"https:\/\/leathergoods.es\/fr\/agenda-de-poche-vista-wire-o-week-planner\/#breadcrumb\"},\"inLanguage\":\"fr-FR\",\"potentialAction\":[{\"@type\":\"ReadAction\",\"target\":[\"https:\/\/leathergoods.es\/fr\/agenda-de-poche-vista-wire-o-week-planner\/\"]}]},{\"@type\":\"BreadcrumbList\",\"@id\":\"https:\/\/leathergoods.es\/fr\/agenda-de-poche-vista-wire-o-week-planner\/#breadcrumb\",\"itemListElement\":[{\"@type\":\"ListItem\",\"position\":1,\"name\":\"Portada\",\"item\":\"https:\/\/leathergoods.es\/fr\/\"},{\"@type\":\"ListItem\",\"position\":2,\"name\":\"Agenda de poche Vista Wire-O week planner\"}]},{\"@type\":\"WebSite\",\"@id\":\"https:\/\/leathergoods.es\/fr\/#website\",\"url\":\"https:\/\/leathergoods.es\/fr\/\",\"name\":\"Global Leather Goods\",\"description\":\"Fabricante de art\u00edculos de piel &#039;made in Spain&#039;\",\"publisher\":{\"@id\":\"https:\/\/leathergoods.es\/fr\/#organization\"},\"potentialAction\":[{\"@type\":\"SearchAction\",\"target\":{\"@type\":\"EntryPoint\",\"urlTemplate\":\"https:\/\/leathergoods.es\/fr\/?s={search_term_string}\"},\"query-input\":{\"@type\":\"PropertyValueSpecification\",\"valueRequired\":true,\"valueName\":\"search_term_string\"}}],\"inLanguage\":\"fr-FR\"},{\"@type\":\"Organization\",\"@id\":\"https:\/\/leathergoods.es\/fr\/#organization\",\"name\":\"Global Leather Goods\",\"url\":\"https:\/\/leathergoods.es\/fr\/\",\"logo\":{\"@type\":\"ImageObject\",\"inLanguage\":\"fr-FR\",\"@id\":\"https:\/\/leathergoods.es\/fr\/#\/schema\/logo\/image\/\",\"url\":\"https:\/\/leathergoods.es\/wp-content\/uploads\/2018\/04\/global-leather-goods-logo-web-horizontal.1.png\",\"contentUrl\":\"https:\/\/leathergoods.es\/wp-content\/uploads\/2018\/04\/global-leather-goods-logo-web-horizontal.1.png\",\"width\":807,\"height\":191,\"caption\":\"Global Leather Goods\"},\"image\":{\"@id\":\"https:\/\/leathergoods.es\/fr\/#\/schema\/logo\/image\/\"},\"sameAs\":[\"https:\/\/www.facebook.com\/Global-Leather-Goods-111025509497046\/\",\"https:\/\/www.instagram.com\/globalleathergoods\/\",\"https:\/\/www.linkedin.com\/company\/global-leather-goods\/\"]}]}<\/script>\n<!-- \/ Yoast SEO plugin. -->","yoast_head_json":{"title":"Agendas journaliers avec reliure Wire-O | Global Leather Goods","description":"Agenda de poche compact Wire-O : organisez votre agenda d'entreprise o\u00f9 vous voulez. Design artisanal, mat\u00e9riaux personnalisables et facilit\u00e9 de transport.","robots":{"index":"index","follow":"follow","max-snippet":"max-snippet:-1","max-image-preview":"max-image-preview:large","max-video-preview":"max-video-preview:-1"},"canonical":"https:\/\/leathergoods.es\/fr\/agenda-de-poche-vista-wire-o-week-planner\/","og_locale":"fr_FR","og_type":"article","og_title":"Agendas journaliers avec reliure Wire-O | Global Leather Goods","og_description":"Agenda de poche compact Wire-O : organisez votre agenda d'entreprise o\u00f9 vous voulez. Design artisanal, mat\u00e9riaux personnalisables et facilit\u00e9 de transport.","og_url":"https:\/\/leathergoods.es\/fr\/agenda-de-poche-vista-wire-o-week-planner\/","og_site_name":"Global Leather Goods","article_publisher":"https:\/\/www.facebook.com\/Global-Leather-Goods-111025509497046\/","twitter_card":"summary_large_image","twitter_misc":{"Dur\u00e9e de lecture estim\u00e9e":"6 minutes"},"schema":{"@context":"https:\/\/schema.org","@graph":[{"@type":"WebPage","@id":"https:\/\/leathergoods.es\/fr\/agenda-de-poche-vista-wire-o-week-planner\/","url":"https:\/\/leathergoods.es\/fr\/agenda-de-poche-vista-wire-o-week-planner\/","name":"Agendas journaliers avec reliure Wire-O | Global Leather Goods","isPartOf":{"@id":"https:\/\/leathergoods.es\/fr\/#website"},"datePublished":"2022-05-31T14:34:08+00:00","description":"Agenda de poche compact Wire-O : organisez votre agenda d'entreprise o\u00f9 vous voulez. Design artisanal, mat\u00e9riaux personnalisables et facilit\u00e9 de transport.","breadcrumb":{"@id":"https:\/\/leathergoods.es\/fr\/agenda-de-poche-vista-wire-o-week-planner\/#breadcrumb"},"inLanguage":"fr-FR","potentialAction":[{"@type":"ReadAction","target":["https:\/\/leathergoods.es\/fr\/agenda-de-poche-vista-wire-o-week-planner\/"]}]},{"@type":"BreadcrumbList","@id":"https:\/\/leathergoods.es\/fr\/agenda-de-poche-vista-wire-o-week-planner\/#breadcrumb","itemListElement":[{"@type":"ListItem","position":1,"name":"Portada","item":"https:\/\/leathergoods.es\/fr\/"},{"@type":"ListItem","position":2,"name":"Agenda de poche Vista Wire-O week planner"}]},{"@type":"WebSite","@id":"https:\/\/leathergoods.es\/fr\/#website","url":"https:\/\/leathergoods.es\/fr\/","name":"Global Leather Goods","description":"Fabricante de art\u00edculos de piel &#039;made in Spain&#039;","publisher":{"@id":"https:\/\/leathergoods.es\/fr\/#organization"},"potentialAction":[{"@type":"SearchAction","target":{"@type":"EntryPoint","urlTemplate":"https:\/\/leathergoods.es\/fr\/?s={search_term_string}"},"query-input":{"@type":"PropertyValueSpecification","valueRequired":true,"valueName":"search_term_string"}}],"inLanguage":"fr-FR"},{"@type":"Organization","@id":"https:\/\/leathergoods.es\/fr\/#organization","name":"Global Leather Goods","url":"https:\/\/leathergoods.es\/fr\/","logo":{"@type":"ImageObject","inLanguage":"fr-FR","@id":"https:\/\/leathergoods.es\/fr\/#\/schema\/logo\/image\/","url":"https:\/\/leathergoods.es\/wp-content\/uploads\/2018\/04\/global-leather-goods-logo-web-horizontal.1.png","contentUrl":"https:\/\/leathergoods.es\/wp-content\/uploads\/2018\/04\/global-leather-goods-logo-web-horizontal.1.png","width":807,"height":191,"caption":"Global Leather Goods"},"image":{"@id":"https:\/\/leathergoods.es\/fr\/#\/schema\/logo\/image\/"},"sameAs":["https:\/\/www.facebook.com\/Global-Leather-Goods-111025509497046\/","https:\/\/www.instagram.com\/globalleathergoods\/","https:\/\/www.linkedin.com\/company\/global-leather-goods\/"]}]}},"_links":{"self":[{"href":"https:\/\/leathergoods.es\/fr\/wp-json\/wp\/v2\/pages\/7847","targetHints":{"allow":["GET"]}}],"collection":[{"href":"https:\/\/leathergoods.es\/fr\/wp-json\/wp\/v2\/pages"}],"about":[{"href":"https:\/\/leathergoods.es\/fr\/wp-json\/wp\/v2\/types\/page"}],"author":[{"embeddable":true,"href":"https:\/\/leathergoods.es\/fr\/wp-json\/wp\/v2\/users\/1"}],"replies":[{"embeddable":true,"href":"https:\/\/leathergoods.es\/fr\/wp-json\/wp\/v2\/comments?post=7847"}],"version-history":[{"count":0,"href":"https:\/\/leathergoods.es\/fr\/wp-json\/wp\/v2\/pages\/7847\/revisions"}],"wp:attachment":[{"href":"https:\/\/leathergoods.es\/fr\/wp-json\/wp\/v2\/media?parent=7847"}],"curies":[{"name":"wp","href":"https:\/\/api.w.org\/{rel}","templated":true}]}}