{"id":7559,"date":"2025-12-19T11:24:42","date_gmt":"2025-12-19T10:24:42","guid":{"rendered":"https:\/\/leathergoods.es\/?page_id=7559"},"modified":"2025-12-21T10:24:05","modified_gmt":"2025-12-21T09:24:05","slug":"tp-welcome-packs-corporate","status":"publish","type":"page","link":"https:\/\/leathergoods.es\/fr\/tp-welcome-packs-corporate\/","title":{"rendered":"TP &#8211;  Welcome Packs Corporate"},"content":{"rendered":"[vc_row type=\u00a0\u00bbfull_width_background\u00a0\u00bb full_screen_row_position=\u00a0\u00bbmiddle\u00a0\u00bb equal_height=\u00a0\u00bbyes\u00a0\u00bb content_placement=\u00a0\u00bbmiddle\u00a0\u00bb bg_color=\u00a0\u00bb#003865&Prime; scene_position=\u00a0\u00bbcenter\u00a0\u00bb text_color=\u00a0\u00bblight\u00a0\u00bb text_align=\u00a0\u00bbcenter\u00a0\u00bb top_padding=\u00a0\u00bb80&Prime; bottom_padding=\u00a0\u00bb80&Prime; overlay_strength=\u00a0\u00bb0.3&Prime;][vc_column column_padding=\u00a0\u00bbno-extra-padding\u00a0\u00bb column_padding_position=\u00a0\u00bball\u00a0\u00bb background_color_opacity=\u00a0\u00bb1&Prime; background_hover_color_opacity=\u00a0\u00bb1&Prime; font_color=\u00a0\u00bb#ffffff\u00a0\u00bb column_shadow=\u00a0\u00bbnone\u00a0\u00bb width=\u00a0\u00bb1\/1&Prime; tablet_text_alignment=\u00a0\u00bbdefault\u00a0\u00bb phone_text_alignment=\u00a0\u00bbdefault\u00a0\u00bb column_border_width=\u00a0\u00bbnone\u00a0\u00bb column_border_style=\u00a0\u00bbsolid\u00a0\u00bb]<div class=\"img-with-aniamtion-wrap center\" data-max-width=\"100%\"><div class=\"inner\"><img fetchpriority=\"high\" decoding=\"async\" data-shadow=\"none\" data-shadow-direction=\"middle\" class=\"img-with-animation \" data-delay=\"0\" height=\"157\" width=\"435\" data-animation=\"fade-in\" src=\"https:\/\/leathergoods.es\/wp-content\/uploads\/2025\/11\/logo-blanco.webp\" srcset=\"https:\/\/leathergoods.es\/wp-content\/uploads\/2025\/11\/logo-blanco.webp 435w, https:\/\/leathergoods.es\/wp-content\/uploads\/2025\/11\/logo-blanco-300x108.webp 300w\" sizes=\"100vw\" alt=\"\" \/><\/div><\/div>[vc_custom_heading text=\u00a0\u00bbMerci de nous avoir contact\u00e9s<br \/>\nUn de nos conseillers vous contactera d\u00e8s que possible.\u00a0\u00bb font_container=\u00a0\u00bbtag:h1|font_size:35|text_align:center|color:%23ffffff\u00a0\u00bb google_fonts=\u00a0\u00bbfont_family:Montserrat%3Aregular%2C700|font_style:700%20bold%20regular%3A700%3Anormal\u00a0\u00bb css=\u00a0\u00bb.vc_custom_1766308327761{padding-bottom: 30px !important;}\u00a0\u00bb][vc_column_text css=\u00a0\u00bb.vc_custom_1766308778881{padding-top: 60px !important;padding-bottom: 60px !important;}\u00a0\u00bb]\n<h2 style=\"text-align: center;\">En attendant, vous pouvez t\u00e9l\u00e9charger notre catalogue complet d&rsquo;articles en cuir et d\u00e9couvrir toutes nos collections.<\/h2>\n[\/vc_column_text][vc_row_inner column_margin=\u00a0\u00bbdefault\u00a0\u00bb top_padding=\u00a0\u00bb30&Prime; text_align=\u00a0\u00bbleft\u00a0\u00bb][vc_column_inner column_padding=\u00a0\u00bbno-extra-padding\u00a0\u00bb column_padding_position=\u00a0\u00bball\u00a0\u00bb background_color_opacity=\u00a0\u00bb1&Prime; width=\u00a0\u00bb1\/2&Prime; column_border_width=\u00a0\u00bbnone\u00a0\u00bb column_border_style=\u00a0\u00bbsolid\u00a0\u00bb]<div class=\"img-with-aniamtion-wrap center\" data-max-width=\"100%\"><div class=\"inner\"><a href=\"https:\/\/leathergoods.es\/wp-content\/uploads\/2025\/11\/Catalogue_Fr_2_GLG-comprimido-1.pdf\" target=\"_self\" class=\"center\"><img decoding=\"async\" data-shadow=\"none\" data-shadow-direction=\"middle\" class=\"img-with-animation \" data-delay=\"0\" height=\"423\" width=\"600\" data-animation=\"fade-in\" src=\"https:\/\/leathergoods.es\/wp-content\/uploads\/2025\/11\/mock-up-2.webp\" srcset=\"https:\/\/leathergoods.es\/wp-content\/uploads\/2025\/11\/mock-up-2.webp 600w, https:\/\/leathergoods.es\/wp-content\/uploads\/2025\/11\/mock-up-2-300x212.webp 300w\" sizes=\"100vw\" alt=\"\" \/><\/a><\/div><\/div>[\/vc_column_inner][vc_column_inner column_padding=\u00a0\u00bbno-extra-padding\u00a0\u00bb column_padding_position=\u00a0\u00bball\u00a0\u00bb background_color_opacity=\u00a0\u00bb1&Prime; width=\u00a0\u00bb1\/2&Prime; column_border_width=\u00a0\u00bbnone\u00a0\u00bb column_border_style=\u00a0\u00bbsolid\u00a0\u00bb][nectar_btn size=\u00a0\u00bblarge\u00a0\u00bb button_style=\u00a0\u00bbregular\u00a0\u00bb button_color_2=\u00a0\u00bbExtra-Color-1&Prime; icon_family=\u00a0\u00bbnone\u00a0\u00bb url=\u00a0\u00bbhttps:\/\/leathergoods.es\/wp-content\/uploads\/2025\/11\/Catalogue_Fr_2_GLG-comprimido-1.pdf\u00a0\u00bb text=\u00a0\u00bbT\u00e9l\u00e9chargez le catalogue\u00a0\u00bb margin_top=\u00a0\u00bb100&Prime;][\/vc_column_inner][\/vc_row_inner][\/vc_column][\/vc_row]\n","protected":false},"excerpt":{"rendered":"<p>[vc_row type=\u00a0\u00bbfull_width_background\u00a0\u00bb full_screen_row_position=\u00a0\u00bbmiddle\u00a0\u00bb equal_height=\u00a0\u00bbyes\u00a0\u00bb content_placement=\u00a0\u00bbmiddle\u00a0\u00bb bg_color=\u00a0\u00bb#003865&Prime; scene_position=\u00a0\u00bbcenter\u00a0\u00bb text_color=\u00a0\u00bblight\u00a0\u00bb text_align=\u00a0\u00bbcenter\u00a0\u00bb top_padding=\u00a0\u00bb80&Prime; bottom_padding=\u00a0\u00bb80&Prime; overlay_strength=\u00a0\u00bb0.3&Prime;][vc_column column_padding=\u00a0\u00bbno-extra-padding\u00a0\u00bb column_padding_position=\u00a0\u00bball\u00a0\u00bb background_color_opacity=\u00a0\u00bb1&Prime; background_hover_color_opacity=\u00a0\u00bb1&Prime; font_color=\u00a0\u00bb#ffffff\u00a0\u00bb column_shadow=\u00a0\u00bbnone\u00a0\u00bb width=\u00a0\u00bb1\/1&Prime; tablet_text_alignment=\u00a0\u00bbdefault\u00a0\u00bb phone_text_alignment=\u00a0\u00bbdefault\u00a0\u00bb column_border_width=\u00a0\u00bbnone\u00a0\u00bb column_border_style=\u00a0\u00bbsolid\u00a0\u00bb][vc_custom_heading text=\u00a0\u00bbMerci de nous avoir contact\u00e9s Un de&#8230;<\/p>\n","protected":false},"author":13,"featured_media":0,"parent":0,"menu_order":0,"comment_status":"closed","ping_status":"closed","template":"template-no-header-footer.php","meta":{"footnotes":""},"class_list":["post-7559","page","type-page","status-publish","hentry"],"yoast_head":"<!-- This site is optimized with the Yoast SEO plugin v26.8 - https:\/\/yoast.com\/product\/yoast-seo-wordpress\/ -->\n<title>TP - Welcome Packs Corporate - Global Leather Goods<\/title>\n<meta name=\"robots\" content=\"index, follow, max-snippet:-1, max-image-preview:large, max-video-preview:-1\" \/>\n<link rel=\"canonical\" href=\"https:\/\/leathergoods.es\/fr\/tp-welcome-packs-corporate\/\" \/>\n<meta property=\"og:locale\" content=\"fr_FR\" \/>\n<meta property=\"og:type\" content=\"article\" \/>\n<meta property=\"og:title\" content=\"TP - Welcome Packs Corporate - Global Leather Goods\" \/>\n<meta property=\"og:description\" content=\"[vc_row type=\u00a0\u00bbfull_width_background\u00a0\u00bb full_screen_row_position=\u00a0\u00bbmiddle\u00a0\u00bb equal_height=\u00a0\u00bbyes\u00a0\u00bb content_placement=\u00a0\u00bbmiddle\u00a0\u00bb bg_color=\u00a0\u00bb#003865&Prime; scene_position=\u00a0\u00bbcenter\u00a0\u00bb text_color=\u00a0\u00bblight\u00a0\u00bb text_align=\u00a0\u00bbcenter\u00a0\u00bb top_padding=\u00a0\u00bb80&Prime; bottom_padding=\u00a0\u00bb80&Prime; overlay_strength=\u00a0\u00bb0.3&Prime;][vc_column column_padding=\u00a0\u00bbno-extra-padding\u00a0\u00bb column_padding_position=\u00a0\u00bball\u00a0\u00bb background_color_opacity=\u00a0\u00bb1&Prime; background_hover_color_opacity=\u00a0\u00bb1&Prime; font_color=\u00a0\u00bb#ffffff\u00a0\u00bb column_shadow=\u00a0\u00bbnone\u00a0\u00bb width=\u00a0\u00bb1\/1&Prime; tablet_text_alignment=\u00a0\u00bbdefault\u00a0\u00bb phone_text_alignment=\u00a0\u00bbdefault\u00a0\u00bb column_border_width=\u00a0\u00bbnone\u00a0\u00bb column_border_style=\u00a0\u00bbsolid\u00a0\u00bb][vc_custom_heading text=\u00a0\u00bbMerci de nous avoir contact\u00e9s Un de...\" \/>\n<meta property=\"og:url\" content=\"https:\/\/leathergoods.es\/fr\/tp-welcome-packs-corporate\/\" \/>\n<meta property=\"og:site_name\" content=\"Global Leather Goods\" \/>\n<meta property=\"article:publisher\" content=\"https:\/\/www.facebook.com\/Global-Leather-Goods-111025509497046\/\" \/>\n<meta property=\"article:modified_time\" content=\"2025-12-21T09:24:05+00:00\" \/>\n<meta name=\"twitter:card\" content=\"summary_large_image\" \/>\n<meta name=\"twitter:label1\" content=\"Dur\u00e9e de lecture estim\u00e9e\" \/>\n\t<meta name=\"twitter:data1\" content=\"1 minute\" \/>\n<script type=\"application\/ld+json\" class=\"yoast-schema-graph\">{\"@context\":\"https:\/\/schema.org\",\"@graph\":[{\"@type\":\"WebPage\",\"@id\":\"https:\/\/leathergoods.es\/fr\/tp-welcome-packs-corporate\/\",\"url\":\"https:\/\/leathergoods.es\/fr\/tp-welcome-packs-corporate\/\",\"name\":\"TP - Welcome Packs Corporate - Global Leather Goods\",\"isPartOf\":{\"@id\":\"https:\/\/leathergoods.es\/fr\/#website\"},\"datePublished\":\"2025-12-19T10:24:42+00:00\",\"dateModified\":\"2025-12-21T09:24:05+00:00\",\"breadcrumb\":{\"@id\":\"https:\/\/leathergoods.es\/fr\/tp-welcome-packs-corporate\/#breadcrumb\"},\"inLanguage\":\"fr-FR\",\"potentialAction\":[{\"@type\":\"ReadAction\",\"target\":[\"https:\/\/leathergoods.es\/fr\/tp-welcome-packs-corporate\/\"]}]},{\"@type\":\"BreadcrumbList\",\"@id\":\"https:\/\/leathergoods.es\/fr\/tp-welcome-packs-corporate\/#breadcrumb\",\"itemListElement\":[{\"@type\":\"ListItem\",\"position\":1,\"name\":\"Portada\",\"item\":\"https:\/\/leathergoods.es\/fr\/\"},{\"@type\":\"ListItem\",\"position\":2,\"name\":\"TP &#8211; Welcome Packs Corporate\"}]},{\"@type\":\"WebSite\",\"@id\":\"https:\/\/leathergoods.es\/fr\/#website\",\"url\":\"https:\/\/leathergoods.es\/fr\/\",\"name\":\"Global Leather Goods\",\"description\":\"Fabricante de art\u00edculos de piel &#039;made in Spain&#039;\",\"publisher\":{\"@id\":\"https:\/\/leathergoods.es\/fr\/#organization\"},\"potentialAction\":[{\"@type\":\"SearchAction\",\"target\":{\"@type\":\"EntryPoint\",\"urlTemplate\":\"https:\/\/leathergoods.es\/fr\/?s={search_term_string}\"},\"query-input\":{\"@type\":\"PropertyValueSpecification\",\"valueRequired\":true,\"valueName\":\"search_term_string\"}}],\"inLanguage\":\"fr-FR\"},{\"@type\":\"Organization\",\"@id\":\"https:\/\/leathergoods.es\/fr\/#organization\",\"name\":\"Global Leather Goods\",\"url\":\"https:\/\/leathergoods.es\/fr\/\",\"logo\":{\"@type\":\"ImageObject\",\"inLanguage\":\"fr-FR\",\"@id\":\"https:\/\/leathergoods.es\/fr\/#\/schema\/logo\/image\/\",\"url\":\"https:\/\/leathergoods.es\/wp-content\/uploads\/2018\/04\/global-leather-goods-logo-web-horizontal.1.png\",\"contentUrl\":\"https:\/\/leathergoods.es\/wp-content\/uploads\/2018\/04\/global-leather-goods-logo-web-horizontal.1.png\",\"width\":807,\"height\":191,\"caption\":\"Global Leather Goods\"},\"image\":{\"@id\":\"https:\/\/leathergoods.es\/fr\/#\/schema\/logo\/image\/\"},\"sameAs\":[\"https:\/\/www.facebook.com\/Global-Leather-Goods-111025509497046\/\",\"https:\/\/www.instagram.com\/globalleathergoods\/\",\"https:\/\/www.linkedin.com\/company\/global-leather-goods\/\"]}]}<\/script>\n<!-- \/ Yoast SEO plugin. -->","yoast_head_json":{"title":"TP - Welcome Packs Corporate - Global Leather Goods","robots":{"index":"index","follow":"follow","max-snippet":"max-snippet:-1","max-image-preview":"max-image-preview:large","max-video-preview":"max-video-preview:-1"},"canonical":"https:\/\/leathergoods.es\/fr\/tp-welcome-packs-corporate\/","og_locale":"fr_FR","og_type":"article","og_title":"TP - Welcome Packs Corporate - Global Leather Goods","og_description":"[vc_row type=\u00a0\u00bbfull_width_background\u00a0\u00bb full_screen_row_position=\u00a0\u00bbmiddle\u00a0\u00bb equal_height=\u00a0\u00bbyes\u00a0\u00bb content_placement=\u00a0\u00bbmiddle\u00a0\u00bb bg_color=\u00a0\u00bb#003865&Prime; scene_position=\u00a0\u00bbcenter\u00a0\u00bb text_color=\u00a0\u00bblight\u00a0\u00bb text_align=\u00a0\u00bbcenter\u00a0\u00bb top_padding=\u00a0\u00bb80&Prime; bottom_padding=\u00a0\u00bb80&Prime; overlay_strength=\u00a0\u00bb0.3&Prime;][vc_column column_padding=\u00a0\u00bbno-extra-padding\u00a0\u00bb column_padding_position=\u00a0\u00bball\u00a0\u00bb background_color_opacity=\u00a0\u00bb1&Prime; background_hover_color_opacity=\u00a0\u00bb1&Prime; font_color=\u00a0\u00bb#ffffff\u00a0\u00bb column_shadow=\u00a0\u00bbnone\u00a0\u00bb width=\u00a0\u00bb1\/1&Prime; tablet_text_alignment=\u00a0\u00bbdefault\u00a0\u00bb phone_text_alignment=\u00a0\u00bbdefault\u00a0\u00bb column_border_width=\u00a0\u00bbnone\u00a0\u00bb column_border_style=\u00a0\u00bbsolid\u00a0\u00bb][vc_custom_heading text=\u00a0\u00bbMerci de nous avoir contact\u00e9s Un de...","og_url":"https:\/\/leathergoods.es\/fr\/tp-welcome-packs-corporate\/","og_site_name":"Global Leather Goods","article_publisher":"https:\/\/www.facebook.com\/Global-Leather-Goods-111025509497046\/","article_modified_time":"2025-12-21T09:24:05+00:00","twitter_card":"summary_large_image","twitter_misc":{"Dur\u00e9e de lecture estim\u00e9e":"1 minute"},"schema":{"@context":"https:\/\/schema.org","@graph":[{"@type":"WebPage","@id":"https:\/\/leathergoods.es\/fr\/tp-welcome-packs-corporate\/","url":"https:\/\/leathergoods.es\/fr\/tp-welcome-packs-corporate\/","name":"TP - Welcome Packs Corporate - Global Leather Goods","isPartOf":{"@id":"https:\/\/leathergoods.es\/fr\/#website"},"datePublished":"2025-12-19T10:24:42+00:00","dateModified":"2025-12-21T09:24:05+00:00","breadcrumb":{"@id":"https:\/\/leathergoods.es\/fr\/tp-welcome-packs-corporate\/#breadcrumb"},"inLanguage":"fr-FR","potentialAction":[{"@type":"ReadAction","target":["https:\/\/leathergoods.es\/fr\/tp-welcome-packs-corporate\/"]}]},{"@type":"BreadcrumbList","@id":"https:\/\/leathergoods.es\/fr\/tp-welcome-packs-corporate\/#breadcrumb","itemListElement":[{"@type":"ListItem","position":1,"name":"Portada","item":"https:\/\/leathergoods.es\/fr\/"},{"@type":"ListItem","position":2,"name":"TP &#8211; Welcome Packs Corporate"}]},{"@type":"WebSite","@id":"https:\/\/leathergoods.es\/fr\/#website","url":"https:\/\/leathergoods.es\/fr\/","name":"Global Leather Goods","description":"Fabricante de art\u00edculos de piel &#039;made in Spain&#039;","publisher":{"@id":"https:\/\/leathergoods.es\/fr\/#organization"},"potentialAction":[{"@type":"SearchAction","target":{"@type":"EntryPoint","urlTemplate":"https:\/\/leathergoods.es\/fr\/?s={search_term_string}"},"query-input":{"@type":"PropertyValueSpecification","valueRequired":true,"valueName":"search_term_string"}}],"inLanguage":"fr-FR"},{"@type":"Organization","@id":"https:\/\/leathergoods.es\/fr\/#organization","name":"Global Leather Goods","url":"https:\/\/leathergoods.es\/fr\/","logo":{"@type":"ImageObject","inLanguage":"fr-FR","@id":"https:\/\/leathergoods.es\/fr\/#\/schema\/logo\/image\/","url":"https:\/\/leathergoods.es\/wp-content\/uploads\/2018\/04\/global-leather-goods-logo-web-horizontal.1.png","contentUrl":"https:\/\/leathergoods.es\/wp-content\/uploads\/2018\/04\/global-leather-goods-logo-web-horizontal.1.png","width":807,"height":191,"caption":"Global Leather Goods"},"image":{"@id":"https:\/\/leathergoods.es\/fr\/#\/schema\/logo\/image\/"},"sameAs":["https:\/\/www.facebook.com\/Global-Leather-Goods-111025509497046\/","https:\/\/www.instagram.com\/globalleathergoods\/","https:\/\/www.linkedin.com\/company\/global-leather-goods\/"]}]}},"_links":{"self":[{"href":"https:\/\/leathergoods.es\/fr\/wp-json\/wp\/v2\/pages\/7559","targetHints":{"allow":["GET"]}}],"collection":[{"href":"https:\/\/leathergoods.es\/fr\/wp-json\/wp\/v2\/pages"}],"about":[{"href":"https:\/\/leathergoods.es\/fr\/wp-json\/wp\/v2\/types\/page"}],"author":[{"embeddable":true,"href":"https:\/\/leathergoods.es\/fr\/wp-json\/wp\/v2\/users\/13"}],"replies":[{"embeddable":true,"href":"https:\/\/leathergoods.es\/fr\/wp-json\/wp\/v2\/comments?post=7559"}],"version-history":[{"count":3,"href":"https:\/\/leathergoods.es\/fr\/wp-json\/wp\/v2\/pages\/7559\/revisions"}],"predecessor-version":[{"id":7602,"href":"https:\/\/leathergoods.es\/fr\/wp-json\/wp\/v2\/pages\/7559\/revisions\/7602"}],"wp:attachment":[{"href":"https:\/\/leathergoods.es\/fr\/wp-json\/wp\/v2\/media?parent=7559"}],"curies":[{"name":"wp","href":"https:\/\/api.w.org\/{rel}","templated":true}]}}