{"id":5941,"date":"2023-04-03T08:26:35","date_gmt":"2023-04-03T07:26:35","guid":{"rendered":"https:\/\/leathergoods.es\/?page_id=5941"},"modified":"2025-12-04T12:56:07","modified_gmt":"2025-12-04T11:56:07","slug":"roll-top-backpack","status":"publish","type":"page","link":"https:\/\/leathergoods.es\/en\/roll-top-backpack\/","title":{"rendered":"Roll top Backpack"},"content":{"rendered":"[vc_row type=&#8221;full_width_background&#8221; full_screen_row_position=&#8221;middle&#8221; bg_color=&#8221;#ffffff&#8221; scene_position=&#8221;center&#8221; text_color=&#8221;dark&#8221; text_align=&#8221;left&#8221; top_padding=&#8221;5%&#8221; bottom_padding=&#8221;5%&#8221; id=&#8221;features&#8221; row_name=&#8221;Features&#8221; overlay_strength=&#8221;0.3&#8243;][vc_column column_padding=&#8221;padding-11-percent&#8221; column_padding_position=&#8221;left-right&#8221; background_color_opacity=&#8221;1&#8243; background_hover_color_opacity=&#8221;1&#8243; column_shadow=&#8221;none&#8221; width=&#8221;1\/1&#8243; tablet_text_alignment=&#8221;default&#8221; phone_text_alignment=&#8221;default&#8221; column_border_width=&#8221;none&#8221; column_border_style=&#8221;solid&#8221;][vc_row_inner column_margin=&#8221;default&#8221; text_align=&#8221;left&#8221;][vc_column_inner enable_animation=&#8221;true&#8221; animation=&#8221;fade-in&#8221; column_padding=&#8221;no-extra-padding&#8221; column_padding_position=&#8221;all&#8221; centered_text=&#8221;true&#8221; background_color_opacity=&#8221;1&#8243; width=&#8221;1\/1&#8243; column_border_width=&#8221;none&#8221; column_border_style=&#8221;solid&#8221;][vc_column_text css=&#8221;.vc_custom_1764849343938{margin-top: 50px !important;margin-bottom: 15px !important;}&#8221;]\n<h1>Rolltop Backpack<\/h1>\n<p><span style=\"color: #999999;\">Descubre las caracteristicas especiales de la nueva Rolltop BackPack. Materiales sostenibles de alta calidad y un dise\u00f1o que puede cambiar tu manera de continuar el d\u00eda.\u00a0<\/span>[\/vc_column_text][\/vc_column_inner][\/vc_row_inner][vc_row_inner column_margin=&#8221;default&#8221; text_align=&#8221;left&#8221;][vc_column_inner enable_animation=&#8221;true&#8221; animation=&#8221;fade-in-from-bottom&#8221; column_padding=&#8221;no-extra-padding&#8221; column_padding_position=&#8221;all&#8221; background_color_opacity=&#8221;1&#8243; width=&#8221;1\/1&#8243; column_border_width=&#8221;none&#8221; column_border_style=&#8221;solid&#8221;][nectar_image_with_hotspots image=&#8221;5927&#8243; preview=&#8221;https:\/\/leathergoods.es\/wp-content\/uploads\/2023\/04\/rolltop-backpack-spain-handcrafted-leathergoods.jpg&#8221; color_1=&#8221;Extra-Color-1&#8243; hotspot_icon=&#8221;plus_sign&#8221; tooltip=&#8221;hover&#8221; tooltip_shadow=&#8221;large_depth&#8221; animation=&#8221;true&#8221;][nectar_hotspot left=&#8221;45.0499%&#8221; top=&#8221;27.1569%&#8221; position=&#8221;bottom&#8221;]\n<h5 style=\"color: #227bf7;\">Material principal Lona<\/h5>\n<p>Lona encerada hidrofuga Rpet (material sostenible) de altisima calidad. [\/nectar_hotspot][nectar_hotspot left=&#8221;43.6932%&#8221; top=&#8221;41.3745%&#8221; position=&#8221;bottom&#8221;]\n<h5 style=\"color: #227bf7;\">Cremallera de alta calidad<\/h5>\n<p>Cremallera Excella YKK. La cermallera de mayor calidad del mercado. En este caso con un acbado niquel negro. [\/nectar_hotspot][nectar_hotspot left=&#8221;55.9683%&#8221; top=&#8221;50.9553%&#8221; position=&#8221;bottom&#8221;]\n<h5 style=\"color: #227bf7;\">Piel vacuno<\/h5>\n<p>Piel vacuno en todos los complementos y combinaciones. Con acabados de primer\u00edsima calidad. Lujado, costura y rematado. Piel certificada LWG (Leather Working Group). [\/nectar_hotspot][nectar_hotspot left=&#8221;53.9912%&#8221; top=&#8221;27.7709%&#8221; position=&#8221;bottom&#8221;]\n<h5 style=\"color: #227bf7;\">Los mejores herrajes<\/h5>\n<p>Fornituras acabadas en niquel negro brillo, un acabado muy especial. Tambi\u00e9n disponibles otros acabados. [\/nectar_hotspot][\/nectar_image_with_hotspots][\/vc_column_inner][\/vc_row_inner][\/vc_column][\/vc_row][vc_row type=&#8221;full_width_content&#8221; full_screen_row_position=&#8221;middle&#8221; equal_height=&#8221;yes&#8221; content_placement=&#8221;middle&#8221; full_height=&#8221;yes&#8221; columns_placement=&#8221;stretch&#8221; bg_color=&#8221;#141414&#8243; scene_position=&#8221;center&#8221; text_color=&#8221;light&#8221; text_align=&#8221;left&#8221; overlay_strength=&#8221;0.3&#8243;][vc_column column_padding=&#8221;padding-10-percent&#8221; column_padding_position=&#8221;all&#8221; background_color_opacity=&#8221;1&#8243; background_hover_color_opacity=&#8221;1&#8243; column_shadow=&#8221;none&#8221; width=&#8221;1\/2&#8243; tablet_text_alignment=&#8221;default&#8221; phone_text_alignment=&#8221;default&#8221; column_border_width=&#8221;none&#8221; column_border_style=&#8221;solid&#8221;][vc_row_inner column_margin=&#8221;default&#8221; text_align=&#8221;left&#8221;][vc_column_inner enable_animation=&#8221;true&#8221; animation=&#8221;fade-in-from-bottom&#8221; column_padding=&#8221;no-extra-padding&#8221; column_padding_position=&#8221;all&#8221; background_color_opacity=&#8221;1&#8243; width=&#8221;1\/1&#8243; column_border_width=&#8221;none&#8221; column_border_style=&#8221;solid&#8221;][vc_custom_heading text=&#8221;Roll Top Backpack&#8221; font_container=&#8221;tag:h5|text_align:left|color:%23bfbfbf&#8221; use_theme_fonts=&#8221;yes&#8221; css=&#8221;.vc_custom_1680506229037{margin-bottom: 10px !important;}&#8221;][\/vc_column_inner][\/vc_row_inner][vc_row_inner column_margin=&#8221;default&#8221; text_align=&#8221;left&#8221;][vc_column_inner enable_animation=&#8221;true&#8221; animation=&#8221;fade-in-from-bottom&#8221; column_padding=&#8221;no-extra-padding&#8221; column_padding_position=&#8221;all&#8221; background_color_opacity=&#8221;1&#8243; width=&#8221;1\/1&#8243; column_border_width=&#8221;none&#8221; column_border_style=&#8221;solid&#8221; delay=&#8221;100&#8243;][vc_custom_heading text=&#8221;Versatilidad sostenible para tu estilo de vida.&#8221; font_container=&#8221;tag:h2|font_size:40|text_align:left|line_height:50px&#8221; use_theme_fonts=&#8221;yes&#8221;][\/vc_column_inner][\/vc_row_inner][vc_row_inner column_margin=&#8221;default&#8221; text_align=&#8221;left&#8221;][vc_column_inner enable_animation=&#8221;true&#8221; animation=&#8221;fade-in-from-bottom&#8221; column_padding=&#8221;no-extra-padding&#8221; column_padding_position=&#8221;all&#8221; background_color_opacity=&#8221;1&#8243; width=&#8221;1\/1&#8243; column_border_width=&#8221;none&#8221; column_border_style=&#8221;solid&#8221; delay=&#8221;200&#8243;][vc_column_text css=&#8221;.vc_custom_1680506208832{margin-top: 30px !important;margin-bottom: 30px !important;}&#8221;]La Rolltop Backpack es una mochila innovadora que combina un dise\u00f1o elegante y moderno con materiales sostenibles de alta calidad. Este accesorio es perfecto para aquellos que buscan una mochila pr\u00e1ctica y resistente que tambi\u00e9n sea respetuosa con el medio ambiente.<\/p>\n<p>Una de las caracter\u00edsticas m\u00e1s destacadas de la Rolltop Backpack es su capacidad de adaptaci\u00f3n a diferentes necesidades. Su dise\u00f1o rolltop permite aumentar o disminuir su capacidad seg\u00fan las necesidades del usuario, y su compartimento interior acolchado garantiza una protecci\u00f3n \u00f3ptima para un ordenador port\u00e1til o tablet.<\/p>\n<p>Adem\u00e1s, su est\u00e9tica potente e impactante no deja indiferente a nadie. La combinaci\u00f3n de lona y piel en su dise\u00f1o, sumado a su acabado en lujado perimetral y sus fornituras con acabado niquel negro brillo, hacen de esta mochila una pieza \u00fanica y exclusiva.<\/p>\n<p>Pero no solo su dise\u00f1o es excepcional, sino que tambi\u00e9n es una mochila sostenible. Su fabricaci\u00f3n con materiales de alta calidad, como RPET (material reciclado de botellas de pl\u00e1stico), la convierten en una alternativa ecol\u00f3gica y responsable para aquellos que buscan reducir su impacto en el medio ambiente.<\/p>\n<p>En definitiva, la Rolltop Backpack es una mochila con una combinaci\u00f3n \u00fanica de dise\u00f1o y funcionalidad. Su capacidad de adaptaci\u00f3n, su protecci\u00f3n acolchada para ordenadores port\u00e1tiles y su dise\u00f1o elegante y sostenible, la hacen una opci\u00f3n ideal para aquellos que buscan una mochila pr\u00e1ctica y responsable.[\/vc_column_text][\/vc_column_inner][\/vc_row_inner][\/vc_column][vc_column enable_animation=&#8221;true&#8221; animation=&#8221;fade-in-from-left&#8221; centered_text=&#8221;true&#8221; column_padding=&#8221;no-extra-padding&#8221; column_padding_position=&#8221;all&#8221; background_color_opacity=&#8221;1&#8243; background_hover_color_opacity=&#8221;1&#8243; background_image=&#8221;5932&#8243; enable_bg_scale=&#8221;true&#8221; column_shadow=&#8221;none&#8221; width=&#8221;1\/2&#8243; tablet_text_alignment=&#8221;right&#8221; phone_text_alignment=&#8221;right&#8221; column_border_width=&#8221;none&#8221; column_border_style=&#8221;solid&#8221; delay=&#8221;300&#8243;][\/vc_column][\/vc_row][vc_row type=&#8221;full_width_content&#8221; full_screen_row_position=&#8221;middle&#8221; equal_height=&#8221;yes&#8221; content_placement=&#8221;middle&#8221; bg_color=&#8221;#ffffff&#8221; scene_position=&#8221;center&#8221; text_color=&#8221;dark&#8221; text_align=&#8221;left&#8221; overlay_strength=&#8221;0.3&#8243;][vc_column column_padding=&#8221;padding-10-percent&#8221; column_padding_position=&#8221;all&#8221; background_color=&#8221;#f4f4f4&#8243; background_color_opacity=&#8221;1&#8243; background_hover_color_opacity=&#8221;1&#8243; column_shadow=&#8221;none&#8221; width=&#8221;1\/2&#8243; tablet_text_alignment=&#8221;default&#8221; phone_text_alignment=&#8221;default&#8221; column_border_width=&#8221;none&#8221; column_border_style=&#8221;solid&#8221;][vc_row_inner column_margin=&#8221;default&#8221; text_align=&#8221;left&#8221;][vc_column_inner enable_animation=&#8221;true&#8221; animation=&#8221;fade-in-from-bottom&#8221; column_padding=&#8221;no-extra-padding&#8221; column_padding_position=&#8221;all&#8221; background_color_opacity=&#8221;1&#8243; width=&#8221;1\/1&#8243; column_border_width=&#8221;none&#8221; column_border_style=&#8221;solid&#8221;][vc_custom_heading text=&#8221;Roll Top Backpack &#8211; RPET&#8221; font_container=&#8221;tag:h3|text_align:left|color:%23bfbfbf&#8221; use_theme_fonts=&#8221;yes&#8221; css=&#8221;.vc_custom_1764849363704{margin-bottom: 10px !important;}&#8221;][vc_custom_heading text=&#8221;Una est\u00e9tica muy potente que no deja indiferente a nadie.&#8221; font_container=&#8221;tag:h2|font_size:40|text_align:left|line_height:50px&#8221; use_theme_fonts=&#8221;yes&#8221;][vc_custom_heading text=&#8221;Nuestra Roll Top Backpack, sugiere un concepto vers\u00e1til, compuesto de materiales de alt\u00edsima calidad, acompa\u00f1ados de un dise\u00f1o impactante y minimalista.<br \/>\nContiene un departamento interior para guardar un ordenador port\u00e1til que quedar\u00e1 protegido por las zonas acolchadas interiores y exteriores. &#8221; font_container=&#8221;tag:p|text_align:left|color:rgba(10%2C10%2C10%2C0.6)&#8221; use_theme_fonts=&#8221;yes&#8221;][\/vc_column_inner][\/vc_row_inner][\/vc_column][vc_column column_padding=&#8221;no-extra-padding&#8221; column_padding_position=&#8221;all&#8221; background_color_opacity=&#8221;1&#8243; background_hover_color_opacity=&#8221;1&#8243; background_image=&#8221;5948&#8243; enable_bg_scale=&#8221;true&#8221; column_shadow=&#8221;none&#8221; width=&#8221;1\/2&#8243; tablet_text_alignment=&#8221;default&#8221; phone_text_alignment=&#8221;default&#8221; column_border_width=&#8221;none&#8221; column_border_style=&#8221;solid&#8221;][\/vc_column][\/vc_row][vc_row type=&#8221;full_width_content&#8221; full_screen_row_position=&#8221;middle&#8221; equal_height=&#8221;yes&#8221; content_placement=&#8221;middle&#8221; scene_position=&#8221;center&#8221; text_color=&#8221;dark&#8221; text_align=&#8221;left&#8221; overlay_strength=&#8221;0.3&#8243;][vc_column column_padding=&#8221;no-extra-padding&#8221; column_padding_position=&#8221;all&#8221; background_color_opacity=&#8221;1&#8243; background_hover_color_opacity=&#8221;1&#8243; background_image=&#8221;5935&#8243; enable_bg_scale=&#8221;true&#8221; column_shadow=&#8221;none&#8221; width=&#8221;1\/2&#8243; tablet_text_alignment=&#8221;default&#8221; phone_text_alignment=&#8221;default&#8221; column_border_width=&#8221;none&#8221; column_border_style=&#8221;solid&#8221;][\/vc_column][vc_column column_padding=&#8221;padding-10-percent&#8221; column_padding_position=&#8221;all&#8221; background_color=&#8221;#ffffff&#8221; background_color_opacity=&#8221;1&#8243; background_hover_color_opacity=&#8221;1&#8243; column_shadow=&#8221;none&#8221; width=&#8221;1\/2&#8243; tablet_text_alignment=&#8221;default&#8221; phone_text_alignment=&#8221;default&#8221; column_border_width=&#8221;none&#8221; column_border_style=&#8221;solid&#8221;][vc_row_inner column_margin=&#8221;default&#8221; text_align=&#8221;left&#8221;][vc_column_inner enable_animation=&#8221;true&#8221; animation=&#8221;fade-in-from-bottom&#8221; column_padding=&#8221;no-extra-padding&#8221; column_padding_position=&#8221;all&#8221; background_color_opacity=&#8221;1&#8243; width=&#8221;1\/1&#8243; column_border_width=&#8221;none&#8221; column_border_style=&#8221;solid&#8221;][vc_custom_heading text=&#8221;Acabados de lujo.&#8221; font_container=&#8221;tag:h3|text_align:left|color:%23bfbfbf&#8221; use_theme_fonts=&#8221;yes&#8221; css=&#8221;.vc_custom_1764849355414{margin-bottom: 10px !important;}&#8221;][vc_custom_heading text=&#8221;Cada detalle cuenta en esta apuesta por una mochila Sostenible.&#8221; font_container=&#8221;tag:h2|font_size:40|text_align:left|line_height:50px&#8221; use_theme_fonts=&#8221;yes&#8221;][vc_custom_heading text=&#8221;Hemos destinado muchos recursos a completar el dise\u00f1o con los mejores acabados. Lujado perimetral en todos los remates. Fornituras con acabado niquel negro brillo. combinaciones de lona y piel y cremalleras Excella YKK (la calidad m\u00e1s alta). &#8221; font_container=&#8221;tag:p|text_align:left|color:rgba(10%2C10%2C10%2C0.6)&#8221; use_theme_fonts=&#8221;yes&#8221;][nectar_btn size=&#8221;large&#8221; button_style=&#8221;see-through-2&#8243; hover_text_color_override=&#8221;#ffffff&#8221; icon_family=&#8221;none&#8221; url=&#8221;https:\/\/leathergoods.es\/contacto\/&#8221; text=&#8221;Contacta con un comercial&#8221; margin_top=&#8221;30&#8243;][nectar_btn size=&#8221;large&#8221; button_style=&#8221;see-through-2&#8243; hover_text_color_override=&#8221;#ffffff&#8221; icon_family=&#8221;none&#8221; url=&#8221;https:\/\/leathergoods.es\/accesorios-de-viaje\/&#8221; text=&#8221;Ver otros accesorios de viaje&#8221; margin_top=&#8221;30&#8243;][\/vc_column_inner][\/vc_row_inner][\/vc_column][\/vc_row]\n","protected":false},"excerpt":{"rendered":"<p>[vc_row type=&#8221;full_width_background&#8221; full_screen_row_position=&#8221;middle&#8221; bg_color=&#8221;#ffffff&#8221; scene_position=&#8221;center&#8221; text_color=&#8221;dark&#8221; text_align=&#8221;left&#8221; top_padding=&#8221;5%&#8221; bottom_padding=&#8221;5%&#8221; id=&#8221;features&#8221; row_name=&#8221;Features&#8221; overlay_strength=&#8221;0.3&#8243;][vc_column column_padding=&#8221;padding-11-percent&#8221; column_padding_position=&#8221;left-right&#8221; background_color_opacity=&#8221;1&#8243; background_hover_color_opacity=&#8221;1&#8243; column_shadow=&#8221;none&#8221; width=&#8221;1\/1&#8243; tablet_text_alignment=&#8221;default&#8221; phone_text_alignment=&#8221;default&#8221; column_border_width=&#8221;none&#8221; column_border_style=&#8221;solid&#8221;][vc_row_inner column_margin=&#8221;default&#8221; text_align=&#8221;left&#8221;][vc_column_inner enable_animation=&#8221;true&#8221; animation=&#8221;fade-in&#8221; column_padding=&#8221;no-extra-padding&#8221; column_padding_position=&#8221;all&#8221; centered_text=&#8221;true&#8221; background_color_opacity=&#8221;1&#8243;&#8230;<\/p>\n","protected":false},"author":1,"featured_media":5933,"parent":0,"menu_order":0,"comment_status":"closed","ping_status":"closed","template":"","meta":{"footnotes":""},"class_list":["post-5941","page","type-page","status-publish","has-post-thumbnail","hentry"],"yoast_head":"<!-- This site is optimized with the Yoast SEO plugin v26.8 - https:\/\/yoast.com\/product\/yoast-seo-wordpress\/ -->\n<title>Roll top Backpack - Global Leather Goods<\/title>\n<meta name=\"description\" content=\"Roll Top Backpack&quot; suggests a versatile concept composed of sustainable materials of the highest quality, accompanied by a striking design.\" \/>\n<meta name=\"robots\" content=\"index, follow, max-snippet:-1, max-image-preview:large, max-video-preview:-1\" \/>\n<link rel=\"canonical\" href=\"https:\/\/leathergoods.es\/en\/roll-top-backpack\/\" \/>\n<meta property=\"og:locale\" content=\"en_US\" \/>\n<meta property=\"og:type\" content=\"article\" \/>\n<meta property=\"og:title\" content=\"Roll top Backpack - Global Leather Goods\" \/>\n<meta property=\"og:description\" content=\"Roll Top Backpack&quot; suggests a versatile concept composed of sustainable materials of the highest quality, accompanied by a striking design.\" \/>\n<meta property=\"og:url\" content=\"https:\/\/leathergoods.es\/en\/roll-top-backpack\/\" \/>\n<meta property=\"og:site_name\" content=\"Global Leather Goods\" \/>\n<meta property=\"article:publisher\" content=\"https:\/\/www.facebook.com\/Global-Leather-Goods-111025509497046\/\" \/>\n<meta property=\"article:modified_time\" content=\"2025-12-04T11:56:07+00:00\" \/>\n<meta property=\"og:image\" content=\"https:\/\/leathergoods.es\/wp-content\/uploads\/2023\/04\/rolltop-backpack-spain-handcrafted-leathergoods-mochila.jpg\" \/>\n\t<meta property=\"og:image:width\" content=\"1600\" \/>\n\t<meta property=\"og:image:height\" content=\"989\" \/>\n\t<meta property=\"og:image:type\" content=\"image\/jpeg\" \/>\n<meta name=\"twitter:card\" content=\"summary_large_image\" \/>\n<meta name=\"twitter:label1\" content=\"Est. reading time\" \/>\n\t<meta name=\"twitter:data1\" content=\"4 minutes\" \/>\n<script type=\"application\/ld+json\" class=\"yoast-schema-graph\">{\"@context\":\"https:\/\/schema.org\",\"@graph\":[{\"@type\":\"WebPage\",\"@id\":\"https:\/\/leathergoods.es\/en\/roll-top-backpack\/\",\"url\":\"https:\/\/leathergoods.es\/en\/roll-top-backpack\/\",\"name\":\"Roll top Backpack - Global Leather Goods\",\"isPartOf\":{\"@id\":\"https:\/\/leathergoods.es\/en\/#website\"},\"primaryImageOfPage\":{\"@id\":\"https:\/\/leathergoods.es\/en\/roll-top-backpack\/#primaryimage\"},\"image\":{\"@id\":\"https:\/\/leathergoods.es\/en\/roll-top-backpack\/#primaryimage\"},\"thumbnailUrl\":\"https:\/\/leathergoods.es\/wp-content\/uploads\/2023\/04\/rolltop-backpack-spain-handcrafted-leathergoods-mochila.jpg\",\"datePublished\":\"2023-04-03T07:26:35+00:00\",\"dateModified\":\"2025-12-04T11:56:07+00:00\",\"description\":\"Roll Top Backpack\\\" suggests a versatile concept composed of sustainable materials of the highest quality, accompanied by a striking design.\",\"breadcrumb\":{\"@id\":\"https:\/\/leathergoods.es\/en\/roll-top-backpack\/#breadcrumb\"},\"inLanguage\":\"en-US\",\"potentialAction\":[{\"@type\":\"ReadAction\",\"target\":[\"https:\/\/leathergoods.es\/en\/roll-top-backpack\/\"]}]},{\"@type\":\"ImageObject\",\"inLanguage\":\"en-US\",\"@id\":\"https:\/\/leathergoods.es\/en\/roll-top-backpack\/#primaryimage\",\"url\":\"https:\/\/leathergoods.es\/wp-content\/uploads\/2023\/04\/rolltop-backpack-spain-handcrafted-leathergoods-mochila.jpg\",\"contentUrl\":\"https:\/\/leathergoods.es\/wp-content\/uploads\/2023\/04\/rolltop-backpack-spain-handcrafted-leathergoods-mochila.jpg\",\"width\":1600,\"height\":989,\"caption\":\"rolltop-backpack-spain-handcrafted-leathergoods-mochila\"},{\"@type\":\"BreadcrumbList\",\"@id\":\"https:\/\/leathergoods.es\/en\/roll-top-backpack\/#breadcrumb\",\"itemListElement\":[{\"@type\":\"ListItem\",\"position\":1,\"name\":\"Portada\",\"item\":\"https:\/\/leathergoods.es\/en\/\"},{\"@type\":\"ListItem\",\"position\":2,\"name\":\"Roll top Backpack\"}]},{\"@type\":\"WebSite\",\"@id\":\"https:\/\/leathergoods.es\/en\/#website\",\"url\":\"https:\/\/leathergoods.es\/en\/\",\"name\":\"Global Leather Goods\",\"description\":\"Fabricante de art\u00edculos de piel &#039;made in Spain&#039;\",\"publisher\":{\"@id\":\"https:\/\/leathergoods.es\/en\/#organization\"},\"potentialAction\":[{\"@type\":\"SearchAction\",\"target\":{\"@type\":\"EntryPoint\",\"urlTemplate\":\"https:\/\/leathergoods.es\/en\/?s={search_term_string}\"},\"query-input\":{\"@type\":\"PropertyValueSpecification\",\"valueRequired\":true,\"valueName\":\"search_term_string\"}}],\"inLanguage\":\"en-US\"},{\"@type\":\"Organization\",\"@id\":\"https:\/\/leathergoods.es\/en\/#organization\",\"name\":\"Global Leather Goods\",\"url\":\"https:\/\/leathergoods.es\/en\/\",\"logo\":{\"@type\":\"ImageObject\",\"inLanguage\":\"en-US\",\"@id\":\"https:\/\/leathergoods.es\/en\/#\/schema\/logo\/image\/\",\"url\":\"https:\/\/leathergoods.es\/wp-content\/uploads\/2018\/04\/global-leather-goods-logo-web-horizontal.1.png\",\"contentUrl\":\"https:\/\/leathergoods.es\/wp-content\/uploads\/2018\/04\/global-leather-goods-logo-web-horizontal.1.png\",\"width\":807,\"height\":191,\"caption\":\"Global Leather Goods\"},\"image\":{\"@id\":\"https:\/\/leathergoods.es\/en\/#\/schema\/logo\/image\/\"},\"sameAs\":[\"https:\/\/www.facebook.com\/Global-Leather-Goods-111025509497046\/\",\"https:\/\/www.instagram.com\/globalleathergoods\/\",\"https:\/\/www.linkedin.com\/company\/global-leather-goods\/\"]}]}<\/script>\n<!-- \/ Yoast SEO plugin. -->","yoast_head_json":{"title":"Roll top Backpack - Global Leather Goods","description":"Roll Top Backpack\" suggests a versatile concept composed of sustainable materials of the highest quality, accompanied by a striking design.","robots":{"index":"index","follow":"follow","max-snippet":"max-snippet:-1","max-image-preview":"max-image-preview:large","max-video-preview":"max-video-preview:-1"},"canonical":"https:\/\/leathergoods.es\/en\/roll-top-backpack\/","og_locale":"en_US","og_type":"article","og_title":"Roll top Backpack - Global Leather Goods","og_description":"Roll Top Backpack\" suggests a versatile concept composed of sustainable materials of the highest quality, accompanied by a striking design.","og_url":"https:\/\/leathergoods.es\/en\/roll-top-backpack\/","og_site_name":"Global Leather Goods","article_publisher":"https:\/\/www.facebook.com\/Global-Leather-Goods-111025509497046\/","article_modified_time":"2025-12-04T11:56:07+00:00","og_image":[{"width":1600,"height":989,"url":"https:\/\/leathergoods.es\/wp-content\/uploads\/2023\/04\/rolltop-backpack-spain-handcrafted-leathergoods-mochila.jpg","type":"image\/jpeg"}],"twitter_card":"summary_large_image","twitter_misc":{"Est. reading time":"4 minutes"},"schema":{"@context":"https:\/\/schema.org","@graph":[{"@type":"WebPage","@id":"https:\/\/leathergoods.es\/en\/roll-top-backpack\/","url":"https:\/\/leathergoods.es\/en\/roll-top-backpack\/","name":"Roll top Backpack - Global Leather Goods","isPartOf":{"@id":"https:\/\/leathergoods.es\/en\/#website"},"primaryImageOfPage":{"@id":"https:\/\/leathergoods.es\/en\/roll-top-backpack\/#primaryimage"},"image":{"@id":"https:\/\/leathergoods.es\/en\/roll-top-backpack\/#primaryimage"},"thumbnailUrl":"https:\/\/leathergoods.es\/wp-content\/uploads\/2023\/04\/rolltop-backpack-spain-handcrafted-leathergoods-mochila.jpg","datePublished":"2023-04-03T07:26:35+00:00","dateModified":"2025-12-04T11:56:07+00:00","description":"Roll Top Backpack\" suggests a versatile concept composed of sustainable materials of the highest quality, accompanied by a striking design.","breadcrumb":{"@id":"https:\/\/leathergoods.es\/en\/roll-top-backpack\/#breadcrumb"},"inLanguage":"en-US","potentialAction":[{"@type":"ReadAction","target":["https:\/\/leathergoods.es\/en\/roll-top-backpack\/"]}]},{"@type":"ImageObject","inLanguage":"en-US","@id":"https:\/\/leathergoods.es\/en\/roll-top-backpack\/#primaryimage","url":"https:\/\/leathergoods.es\/wp-content\/uploads\/2023\/04\/rolltop-backpack-spain-handcrafted-leathergoods-mochila.jpg","contentUrl":"https:\/\/leathergoods.es\/wp-content\/uploads\/2023\/04\/rolltop-backpack-spain-handcrafted-leathergoods-mochila.jpg","width":1600,"height":989,"caption":"rolltop-backpack-spain-handcrafted-leathergoods-mochila"},{"@type":"BreadcrumbList","@id":"https:\/\/leathergoods.es\/en\/roll-top-backpack\/#breadcrumb","itemListElement":[{"@type":"ListItem","position":1,"name":"Portada","item":"https:\/\/leathergoods.es\/en\/"},{"@type":"ListItem","position":2,"name":"Roll top Backpack"}]},{"@type":"WebSite","@id":"https:\/\/leathergoods.es\/en\/#website","url":"https:\/\/leathergoods.es\/en\/","name":"Global Leather Goods","description":"Fabricante de art\u00edculos de piel &#039;made in Spain&#039;","publisher":{"@id":"https:\/\/leathergoods.es\/en\/#organization"},"potentialAction":[{"@type":"SearchAction","target":{"@type":"EntryPoint","urlTemplate":"https:\/\/leathergoods.es\/en\/?s={search_term_string}"},"query-input":{"@type":"PropertyValueSpecification","valueRequired":true,"valueName":"search_term_string"}}],"inLanguage":"en-US"},{"@type":"Organization","@id":"https:\/\/leathergoods.es\/en\/#organization","name":"Global Leather Goods","url":"https:\/\/leathergoods.es\/en\/","logo":{"@type":"ImageObject","inLanguage":"en-US","@id":"https:\/\/leathergoods.es\/en\/#\/schema\/logo\/image\/","url":"https:\/\/leathergoods.es\/wp-content\/uploads\/2018\/04\/global-leather-goods-logo-web-horizontal.1.png","contentUrl":"https:\/\/leathergoods.es\/wp-content\/uploads\/2018\/04\/global-leather-goods-logo-web-horizontal.1.png","width":807,"height":191,"caption":"Global Leather Goods"},"image":{"@id":"https:\/\/leathergoods.es\/en\/#\/schema\/logo\/image\/"},"sameAs":["https:\/\/www.facebook.com\/Global-Leather-Goods-111025509497046\/","https:\/\/www.instagram.com\/globalleathergoods\/","https:\/\/www.linkedin.com\/company\/global-leather-goods\/"]}]}},"_links":{"self":[{"href":"https:\/\/leathergoods.es\/en\/wp-json\/wp\/v2\/pages\/5941","targetHints":{"allow":["GET"]}}],"collection":[{"href":"https:\/\/leathergoods.es\/en\/wp-json\/wp\/v2\/pages"}],"about":[{"href":"https:\/\/leathergoods.es\/en\/wp-json\/wp\/v2\/types\/page"}],"author":[{"embeddable":true,"href":"https:\/\/leathergoods.es\/en\/wp-json\/wp\/v2\/users\/1"}],"replies":[{"embeddable":true,"href":"https:\/\/leathergoods.es\/en\/wp-json\/wp\/v2\/comments?post=5941"}],"version-history":[{"count":13,"href":"https:\/\/leathergoods.es\/en\/wp-json\/wp\/v2\/pages\/5941\/revisions"}],"predecessor-version":[{"id":7269,"href":"https:\/\/leathergoods.es\/en\/wp-json\/wp\/v2\/pages\/5941\/revisions\/7269"}],"wp:featuredmedia":[{"embeddable":true,"href":"https:\/\/leathergoods.es\/en\/wp-json\/wp\/v2\/media\/5933"}],"wp:attachment":[{"href":"https:\/\/leathergoods.es\/en\/wp-json\/wp\/v2\/media?parent=5941"}],"curies":[{"name":"wp","href":"https:\/\/api.w.org\/{rel}","templated":true}]}}